{"id":15693,"date":"2025-04-24T18:17:33","date_gmt":"2025-04-24T10:17:33","guid":{"rendered":"https:\/\/aositerminals.com\/?post_type=product&#038;p=15693"},"modified":"2025-09-13T15:21:29","modified_gmt":"2025-09-13T07:21:29","slug":"pcb-spring-terminal-block-fs1-5-xx-350-02","status":"publish","type":"product","link":"https:\/\/aositerminals.com\/de\/product\/pcb-spring-terminal-block-fs1-5-xx-350-02\/","title":{"rendered":"Leiterplatten-Federklemmenblock | 3,5 mm Rasterma\u00df Sicherer Schraubkontakt | FS1.5-XX-350-02"},"content":{"rendered":"","protected":false},"excerpt":{"rendered":"<h2>PCB-Federklemmenblock 3,5 mm Rasterma\u00df Sicherer Schraubkontakt<\/h2>\r\nRated current: 5 A\r\nRated voltage: 300 V\r\nWire range: 22-18 AWG\r\nPitch: 3.5mm","protected":false},"featured_media":16471,"template":"","meta":{"_acf_changed":false},"product_brand":[],"product_cat":[64],"product_tag":[],"class_list":{"0":"post-15693","1":"product","2":"type-product","3":"status-publish","4":"has-post-thumbnail","6":"product_cat-spring-terminal-block","8":"first","9":"instock","10":"shipping-taxable","11":"purchasable","12":"product-type-variable","13":"has-default-attributes"},"acf":[],"yoast_head":"<!-- This site is optimized with the Yoast SEO Premium plugin v24.7 (Yoast SEO v24.7) - https:\/\/yoast.com\/wordpress\/plugins\/seo\/ -->\n<title>PCB Spring Terminal Block | 3.5mm Pitch Secure Screw Contact | FS1.5-XX-350-02 - AOSI Terminal Blocks &amp; Module Manufacturer | Industrial Connectivity Solutions<\/title>\n<meta name=\"description\" content=\"Designed for quick installation in industrial setups. PCB Spring Terminal Block ensures quality and reliability. Trusted by engineers for signal and power terminals. Learn more.\" \/>\n<meta name=\"robots\" content=\"index, follow, max-snippet:-1, max-image-preview:large, max-video-preview:-1\" \/>\n<link rel=\"canonical\" href=\"https:\/\/aositerminals.com\/de\/product\/pcb-spring-terminal-block-fs1-5-xx-350-02\/\" \/>\n<meta property=\"og:locale\" content=\"de_DE\" \/>\n<meta property=\"og:type\" content=\"article\" \/>\n<meta property=\"og:title\" content=\"PCB Spring Terminal Block | 3.5mm Pitch Secure Screw Contact | FS1.5-XX-350-02\" \/>\n<meta property=\"og:description\" content=\"Designed for quick installation in industrial setups. PCB Spring Terminal Block ensures quality and reliability. Trusted by engineers for signal and power terminals. Learn more.\" \/>\n<meta property=\"og:url\" content=\"https:\/\/aositerminals.com\/de\/product\/pcb-spring-terminal-block-fs1-5-xx-350-02\/\" \/>\n<meta property=\"og:site_name\" content=\"AOSI Terminal Blocks &amp; Module Manufacturer | Industrial Connectivity Solutions\" \/>\n<meta property=\"article:modified_time\" content=\"2025-09-13T07:21:29+00:00\" \/>\n<meta property=\"og:image\" content=\"https:\/\/aositerminals.com\/wp-content\/uploads\/2025\/04\/211V-2.jpg\" \/>\n\t<meta property=\"og:image:width\" content=\"800\" \/>\n\t<meta property=\"og:image:height\" content=\"800\" \/>\n\t<meta property=\"og:image:type\" content=\"image\/jpeg\" \/>\n<meta name=\"twitter:card\" content=\"summary_large_image\" \/>\n<meta name=\"twitter:label1\" content=\"Verf\u00fcgbarkeit\" \/>\n\t<meta name=\"twitter:data1\" content=\"Auf Lager\" \/>\n<script type=\"application\/ld+json\" class=\"yoast-schema-graph\">{\"@context\":\"https:\/\/schema.org\",\"@graph\":[{\"@type\":\"WebPage\",\"@id\":\"https:\/\/aositerminals.com\/ko\/product\/pcb-spring-terminal-block-fs1-5-xx-350-02\/\",\"url\":\"https:\/\/aositerminals.com\/ko\/product\/pcb-spring-terminal-block-fs1-5-xx-350-02\/\",\"name\":\"PCB Spring Terminal Block | 3.5mm Pitch Secure Screw Contact | FS1.5-XX-350-02 - AOSI Terminal Blocks &amp; Module Manufacturer | Industrial Connectivity Solutions\",\"isPartOf\":{\"@id\":\"https:\/\/aositerminals.com\/ru\/#website\"},\"primaryImageOfPage\":{\"@id\":\"https:\/\/aositerminals.com\/ko\/product\/pcb-spring-terminal-block-fs1-5-xx-350-02\/#primaryimage\"},\"image\":{\"@id\":\"https:\/\/aositerminals.com\/ko\/product\/pcb-spring-terminal-block-fs1-5-xx-350-02\/#primaryimage\"},\"thumbnailUrl\":\"https:\/\/aositerminals.com\/wp-content\/uploads\/2025\/04\/211V-2.jpg\",\"datePublished\":\"2025-04-24T10:17:33+00:00\",\"dateModified\":\"2025-09-13T07:21:29+00:00\",\"description\":\"Designed for quick installation in industrial setups. PCB Spring Terminal Block ensures quality and reliability. Trusted by engineers for signal and power terminals. Learn more.\",\"breadcrumb\":{\"@id\":\"https:\/\/aositerminals.com\/ko\/product\/pcb-spring-terminal-block-fs1-5-xx-350-02\/#breadcrumb\"},\"inLanguage\":\"de\",\"potentialAction\":[{\"@type\":\"ReadAction\",\"target\":[\"https:\/\/aositerminals.com\/ko\/product\/pcb-spring-terminal-block-fs1-5-xx-350-02\/\"]}]},{\"@type\":\"ImageObject\",\"inLanguage\":\"de\",\"@id\":\"https:\/\/aositerminals.com\/ko\/product\/pcb-spring-terminal-block-fs1-5-xx-350-02\/#primaryimage\",\"url\":\"https:\/\/aositerminals.com\/wp-content\/uploads\/2025\/04\/211V-2.jpg\",\"contentUrl\":\"https:\/\/aositerminals.com\/wp-content\/uploads\/2025\/04\/211V-2.jpg\",\"width\":800,\"height\":800,\"caption\":\"PCB Spring Terminal Block\"},{\"@type\":\"BreadcrumbList\",\"@id\":\"https:\/\/aositerminals.com\/ko\/product\/pcb-spring-terminal-block-fs1-5-xx-350-02\/#breadcrumb\",\"itemListElement\":[{\"@type\":\"ListItem\",\"position\":1,\"name\":\"\u9996\u9875\",\"item\":\"https:\/\/aositerminals.com\/ru\/\"},{\"@type\":\"ListItem\",\"position\":2,\"name\":\"Products\",\"item\":\"https:\/\/aositerminals.com\/ru\/products\/\"},{\"@type\":\"ListItem\",\"position\":3,\"name\":\"PCB Spring Terminal Block | 3.5mm Pitch Secure Screw Contact | FS1.5-XX-350-02\"}]},{\"@type\":\"WebSite\",\"@id\":\"https:\/\/aositerminals.com\/ru\/#website\",\"url\":\"https:\/\/aositerminals.com\/ru\/\",\"name\":\"Industrial Automation Terminal Blocks\",\"description\":\"Factory-direct pluggable, spring &amp; screw terminal blocks and I\/O \/ relay modules. Fast OEM \/ ODM, global shipping.\",\"publisher\":{\"@id\":\"https:\/\/aositerminals.com\/ru\/#organization\"},\"potentialAction\":[{\"@type\":\"SearchAction\",\"target\":{\"@type\":\"EntryPoint\",\"urlTemplate\":\"https:\/\/aositerminals.com\/ru\/?s={search_term_string}\"},\"query-input\":{\"@type\":\"PropertyValueSpecification\",\"valueRequired\":true,\"valueName\":\"search_term_string\"}}],\"inLanguage\":\"de\"},{\"@type\":\"Organization\",\"@id\":\"https:\/\/aositerminals.com\/ru\/#organization\",\"name\":\"Industrial Automation Terminal Blocks\",\"url\":\"https:\/\/aositerminals.com\/ru\/\",\"logo\":{\"@type\":\"ImageObject\",\"inLanguage\":\"de\",\"@id\":\"https:\/\/aositerminals.com\/ru\/#\/schema\/logo\/image\/\",\"url\":\"https:\/\/aositerminals.com\/wp-content\/uploads\/2025\/03\/aff0c45cf8d34c8eee2824ecf650eb5.webp\",\"contentUrl\":\"https:\/\/aositerminals.com\/wp-content\/uploads\/2025\/03\/aff0c45cf8d34c8eee2824ecf650eb5.webp\",\"width\":215,\"height\":97,\"caption\":\"Industrial Automation Terminal Blocks\"},\"image\":{\"@id\":\"https:\/\/aositerminals.com\/ru\/#\/schema\/logo\/image\/\"}}]}<\/script>\n<meta property=\"og:availability\" content=\"instock\" \/>\n<meta property=\"product:availability\" content=\"instock\" \/>\n<meta property=\"product:condition\" content=\"new\" \/>\n<!-- \/ Yoast SEO Premium plugin. -->","yoast_head_json":{"title":"Leiterplatten-Federklemme | 3,5mm Raster Sicherer Schraubkontakt | FS1.5-XX-350-02 - AOSI Terminal Blocks &amp; Module Manufacturer | Industrial Connectivity Solutions","description":"Entwickelt f\u00fcr die schnelle Installation in industriellen Anlagen. Die PCB-Federklemme gew\u00e4hrleistet Qualit\u00e4t und Zuverl\u00e4ssigkeit. Von Ingenieuren f\u00fcr Signal- und Leistungsanschl\u00fcsse gesch\u00e4tzt. Erfahren Sie mehr.","robots":{"index":"index","follow":"follow","max-snippet":"max-snippet:-1","max-image-preview":"max-image-preview:large","max-video-preview":"max-video-preview:-1"},"canonical":"https:\/\/aositerminals.com\/de\/product\/pcb-spring-terminal-block-fs1-5-xx-350-02\/","og_locale":"de_DE","og_type":"article","og_title":"PCB Spring Terminal Block | 3.5mm Pitch Secure Screw Contact | FS1.5-XX-350-02","og_description":"Designed for quick installation in industrial setups. PCB Spring Terminal Block ensures quality and reliability. Trusted by engineers for signal and power terminals. Learn more.","og_url":"https:\/\/aositerminals.com\/de\/product\/pcb-spring-terminal-block-fs1-5-xx-350-02\/","og_site_name":"AOSI Terminal Blocks &amp; Module Manufacturer | Industrial Connectivity Solutions","article_modified_time":"2025-09-13T07:21:29+00:00","og_image":[{"width":800,"height":800,"url":"https:\/\/aositerminals.com\/wp-content\/uploads\/2025\/04\/211V-2.jpg","type":"image\/jpeg"}],"twitter_card":"summary_large_image","twitter_misc":{"Verf\u00fcgbarkeit":"Auf Lager"},"schema":{"@context":"https:\/\/schema.org","@graph":[{"@type":"WebPage","@id":"https:\/\/aositerminals.com\/ko\/product\/pcb-spring-terminal-block-fs1-5-xx-350-02\/","url":"https:\/\/aositerminals.com\/ko\/product\/pcb-spring-terminal-block-fs1-5-xx-350-02\/","name":"Leiterplatten-Federklemme | 3,5mm Raster Sicherer Schraubkontakt | FS1.5-XX-350-02 - AOSI Terminal Blocks &amp; Module Manufacturer | Industrial Connectivity Solutions","isPartOf":{"@id":"https:\/\/aositerminals.com\/ru\/#website"},"primaryImageOfPage":{"@id":"https:\/\/aositerminals.com\/ko\/product\/pcb-spring-terminal-block-fs1-5-xx-350-02\/#primaryimage"},"image":{"@id":"https:\/\/aositerminals.com\/ko\/product\/pcb-spring-terminal-block-fs1-5-xx-350-02\/#primaryimage"},"thumbnailUrl":"https:\/\/aositerminals.com\/wp-content\/uploads\/2025\/04\/211V-2.jpg","datePublished":"2025-04-24T10:17:33+00:00","dateModified":"2025-09-13T07:21:29+00:00","description":"Entwickelt f\u00fcr die schnelle Installation in industriellen Anlagen. Die PCB-Federklemme gew\u00e4hrleistet Qualit\u00e4t und Zuverl\u00e4ssigkeit. Von Ingenieuren f\u00fcr Signal- und Leistungsanschl\u00fcsse gesch\u00e4tzt. Erfahren Sie mehr.","breadcrumb":{"@id":"https:\/\/aositerminals.com\/ko\/product\/pcb-spring-terminal-block-fs1-5-xx-350-02\/#breadcrumb"},"inLanguage":"de","potentialAction":[{"@type":"ReadAction","target":["https:\/\/aositerminals.com\/ko\/product\/pcb-spring-terminal-block-fs1-5-xx-350-02\/"]}]},{"@type":"ImageObject","inLanguage":"de","@id":"https:\/\/aositerminals.com\/ko\/product\/pcb-spring-terminal-block-fs1-5-xx-350-02\/#primaryimage","url":"https:\/\/aositerminals.com\/wp-content\/uploads\/2025\/04\/211V-2.jpg","contentUrl":"https:\/\/aositerminals.com\/wp-content\/uploads\/2025\/04\/211V-2.jpg","width":800,"height":800,"caption":"PCB Spring Terminal Block"},{"@type":"BreadcrumbList","@id":"https:\/\/aositerminals.com\/ko\/product\/pcb-spring-terminal-block-fs1-5-xx-350-02\/#breadcrumb","itemListElement":[{"@type":"ListItem","position":1,"name":"\u9996\u9875","item":"https:\/\/aositerminals.com\/ru\/"},{"@type":"ListItem","position":2,"name":"Products","item":"https:\/\/aositerminals.com\/ru\/products\/"},{"@type":"ListItem","position":3,"name":"PCB Spring Terminal Block | 3.5mm Pitch Secure Screw Contact | FS1.5-XX-350-02"}]},{"@type":"WebSite","@id":"https:\/\/aositerminals.com\/ru\/#website","url":"https:\/\/aositerminals.com\/ru\/","name":"Klemmenleisten f\u00fcr die industrielle Automatisierung","description":"Werkseitig direkt steckbare, Feder- und Schraubklemmenbl\u00f6cke und E\/A-\/Relaismodule. Schnelle OEM \/ ODM, weltweiter Versand.","publisher":{"@id":"https:\/\/aositerminals.com\/ru\/#organization"},"potentialAction":[{"@type":"SearchAction","target":{"@type":"EntryPoint","urlTemplate":"https:\/\/aositerminals.com\/ru\/?s={search_term_string}"},"query-input":{"@type":"PropertyValueSpecification","valueRequired":true,"valueName":"search_term_string"}}],"inLanguage":"de"},{"@type":"Organization","@id":"https:\/\/aositerminals.com\/ru\/#organization","name":"Klemmenleisten f\u00fcr die industrielle Automatisierung","url":"https:\/\/aositerminals.com\/ru\/","logo":{"@type":"ImageObject","inLanguage":"de","@id":"https:\/\/aositerminals.com\/ru\/#\/schema\/logo\/image\/","url":"https:\/\/aositerminals.com\/wp-content\/uploads\/2025\/03\/aff0c45cf8d34c8eee2824ecf650eb5.webp","contentUrl":"https:\/\/aositerminals.com\/wp-content\/uploads\/2025\/03\/aff0c45cf8d34c8eee2824ecf650eb5.webp","width":215,"height":97,"caption":"Industrial Automation Terminal Blocks"},"image":{"@id":"https:\/\/aositerminals.com\/ru\/#\/schema\/logo\/image\/"}}]},"og_availability":"instock","product_availability":"instock","product_condition":"new"},"_links":{"self":[{"href":"https:\/\/aositerminals.com\/de\/wp-json\/wp\/v2\/product\/15693","targetHints":{"allow":["GET"]}}],"collection":[{"href":"https:\/\/aositerminals.com\/de\/wp-json\/wp\/v2\/product"}],"about":[{"href":"https:\/\/aositerminals.com\/de\/wp-json\/wp\/v2\/types\/product"}],"version-history":[{"count":0,"href":"https:\/\/aositerminals.com\/de\/wp-json\/wp\/v2\/product\/15693\/revisions"}],"wp:featuredmedia":[{"embeddable":true,"href":"https:\/\/aositerminals.com\/de\/wp-json\/wp\/v2\/media\/16471"}],"wp:attachment":[{"href":"https:\/\/aositerminals.com\/de\/wp-json\/wp\/v2\/media?parent=15693"}],"wp:term":[{"taxonomy":"product_brand","embeddable":true,"href":"https:\/\/aositerminals.com\/de\/wp-json\/wp\/v2\/product_brand?post=15693"},{"taxonomy":"product_cat","embeddable":true,"href":"https:\/\/aositerminals.com\/de\/wp-json\/wp\/v2\/product_cat?post=15693"},{"taxonomy":"product_tag","embeddable":true,"href":"https:\/\/aositerminals.com\/de\/wp-json\/wp\/v2\/product_tag?post=15693"}],"curies":[{"name":"wp","href":"https:\/\/api.w.org\/{rel}","templated":true}]}}