{"id":25967,"date":"2025-05-22T18:22:19","date_gmt":"2025-05-22T10:22:19","guid":{"rendered":"https:\/\/aositerminals.com\/?post_type=product&#038;p=25967"},"modified":"2025-09-13T12:08:47","modified_gmt":"2025-09-13T04:08:47","slug":"barrier-style-terminal-block-fpc2-5-xx-500-22b","status":"publish","type":"product","link":"https:\/\/aositerminals.com\/de\/product\/barrier-style-terminal-block-fpc2-5-xx-500-22b\/","title":{"rendered":"Barriere-Klemmenblock | Ber\u00fchrungsschutz | FPC2.5-XX-500-22B"},"content":{"rendered":"","protected":false},"excerpt":{"rendered":"<h2>Barriere-Klemmenblock mit Ber\u00fchrungsschutz<\/h2>\r\nRated current:20A\r\nRated voltage (III\/3):320V\r\npitch:5.00mm\r\nColor:gray\r\nContact surface :Tin","protected":false},"featured_media":26017,"template":"","meta":{"_acf_changed":false},"product_brand":[],"product_cat":[68],"product_tag":[],"class_list":{"0":"post-25967","1":"product","2":"type-product","3":"status-publish","4":"has-post-thumbnail","6":"product_cat-mcs-terminal-block-connector","7":"pa_pitch-5-00mm","9":"first","10":"instock","11":"shipping-taxable","12":"purchasable","13":"product-type-variable","14":"has-default-attributes"},"acf":[],"yoast_head":"<!-- This site is optimized with the Yoast SEO Premium plugin v24.7 (Yoast SEO v24.7) - https:\/\/yoast.com\/wordpress\/plugins\/seo\/ -->\n<title>Barrier-style Terminal Block | Anti-touch Safety Design | FPC2.5-XX-500-22B - AOSI Terminal Blocks &amp; Module Manufacturer | Industrial Connectivity Solutions<\/title>\n<meta name=\"description\" content=\"Barrier housing prevents shorting and improves safety. Ideal for inverters. Contact for pricing!\" \/>\n<meta name=\"robots\" content=\"index, follow, max-snippet:-1, max-image-preview:large, max-video-preview:-1\" \/>\n<link rel=\"canonical\" href=\"https:\/\/aositerminals.com\/de\/product\/barrier-style-terminal-block-fpc2-5-xx-500-22b\/\" \/>\n<meta property=\"og:locale\" content=\"de_DE\" \/>\n<meta property=\"og:type\" content=\"article\" \/>\n<meta property=\"og:title\" content=\"Barrier-style Terminal Block | Anti-touch Safety Design | FPC2.5-XX-500-22B\" \/>\n<meta property=\"og:description\" content=\"Barrier housing prevents shorting and improves safety. Ideal for inverters. Contact for pricing!\" \/>\n<meta property=\"og:url\" content=\"https:\/\/aositerminals.com\/de\/product\/barrier-style-terminal-block-fpc2-5-xx-500-22b\/\" \/>\n<meta property=\"og:site_name\" content=\"AOSI Terminal Blocks &amp; Module Manufacturer | Industrial Connectivity Solutions\" \/>\n<meta property=\"article:modified_time\" content=\"2025-09-13T04:08:47+00:00\" \/>\n<meta property=\"og:image\" content=\"https:\/\/aositerminals.com\/wp-content\/uploads\/2025\/05\/2024-6-4-9-48-26.jpg\" \/>\n\t<meta property=\"og:image:width\" content=\"800\" \/>\n\t<meta property=\"og:image:height\" content=\"800\" \/>\n\t<meta property=\"og:image:type\" content=\"image\/jpeg\" \/>\n<meta name=\"twitter:card\" content=\"summary_large_image\" \/>\n<meta name=\"twitter:label1\" content=\"Verf\u00fcgbarkeit\" \/>\n\t<meta name=\"twitter:data1\" content=\"Auf Lager\" \/>\n<script type=\"application\/ld+json\" class=\"yoast-schema-graph\">{\"@context\":\"https:\/\/schema.org\",\"@graph\":[{\"@type\":\"WebPage\",\"@id\":\"https:\/\/aositerminals.com\/es\/producto\/barrier-style-terminal-block-fpc2-5-xx-500-22b\/\",\"url\":\"https:\/\/aositerminals.com\/es\/producto\/barrier-style-terminal-block-fpc2-5-xx-500-22b\/\",\"name\":\"Barrier-style Terminal Block | Anti-touch Safety Design | FPC2.5-XX-500-22B - AOSI Terminal Blocks &amp; Module Manufacturer | Industrial Connectivity Solutions\",\"isPartOf\":{\"@id\":\"https:\/\/aositerminals.com\/ru\/#website\"},\"primaryImageOfPage\":{\"@id\":\"https:\/\/aositerminals.com\/es\/producto\/barrier-style-terminal-block-fpc2-5-xx-500-22b\/#primaryimage\"},\"image\":{\"@id\":\"https:\/\/aositerminals.com\/es\/producto\/barrier-style-terminal-block-fpc2-5-xx-500-22b\/#primaryimage\"},\"thumbnailUrl\":\"https:\/\/aositerminals.com\/wp-content\/uploads\/2025\/05\/2024-6-4-9-48-26.jpg\",\"datePublished\":\"2025-05-22T10:22:19+00:00\",\"dateModified\":\"2025-09-13T04:08:47+00:00\",\"description\":\"Barrier housing prevents shorting and improves safety. Ideal for inverters. Contact for pricing!\",\"breadcrumb\":{\"@id\":\"https:\/\/aositerminals.com\/es\/producto\/barrier-style-terminal-block-fpc2-5-xx-500-22b\/#breadcrumb\"},\"inLanguage\":\"de\",\"potentialAction\":[{\"@type\":\"ReadAction\",\"target\":[\"https:\/\/aositerminals.com\/es\/producto\/barrier-style-terminal-block-fpc2-5-xx-500-22b\/\"]}]},{\"@type\":\"ImageObject\",\"inLanguage\":\"de\",\"@id\":\"https:\/\/aositerminals.com\/es\/producto\/barrier-style-terminal-block-fpc2-5-xx-500-22b\/#primaryimage\",\"url\":\"https:\/\/aositerminals.com\/wp-content\/uploads\/2025\/05\/2024-6-4-9-48-26.jpg\",\"contentUrl\":\"https:\/\/aositerminals.com\/wp-content\/uploads\/2025\/05\/2024-6-4-9-48-26.jpg\",\"width\":800,\"height\":800},{\"@type\":\"BreadcrumbList\",\"@id\":\"https:\/\/aositerminals.com\/es\/producto\/barrier-style-terminal-block-fpc2-5-xx-500-22b\/#breadcrumb\",\"itemListElement\":[{\"@type\":\"ListItem\",\"position\":1,\"name\":\"\u9996\u9875\",\"item\":\"https:\/\/aositerminals.com\/ru\/\"},{\"@type\":\"ListItem\",\"position\":2,\"name\":\"Products\",\"item\":\"https:\/\/aositerminals.com\/ru\/products\/\"},{\"@type\":\"ListItem\",\"position\":3,\"name\":\"Barrier-style Terminal Block | Anti-touch Safety Design | FPC2.5-XX-500-22B\"}]},{\"@type\":\"WebSite\",\"@id\":\"https:\/\/aositerminals.com\/ru\/#website\",\"url\":\"https:\/\/aositerminals.com\/ru\/\",\"name\":\"Industrial Automation Terminal Blocks\",\"description\":\"Factory-direct pluggable, spring &amp; screw terminal blocks and I\/O \/ relay modules. Fast OEM \/ ODM, global shipping.\",\"publisher\":{\"@id\":\"https:\/\/aositerminals.com\/ru\/#organization\"},\"potentialAction\":[{\"@type\":\"SearchAction\",\"target\":{\"@type\":\"EntryPoint\",\"urlTemplate\":\"https:\/\/aositerminals.com\/ru\/?s={search_term_string}\"},\"query-input\":{\"@type\":\"PropertyValueSpecification\",\"valueRequired\":true,\"valueName\":\"search_term_string\"}}],\"inLanguage\":\"de\"},{\"@type\":\"Organization\",\"@id\":\"https:\/\/aositerminals.com\/ru\/#organization\",\"name\":\"Industrial Automation Terminal Blocks\",\"url\":\"https:\/\/aositerminals.com\/ru\/\",\"logo\":{\"@type\":\"ImageObject\",\"inLanguage\":\"de\",\"@id\":\"https:\/\/aositerminals.com\/ru\/#\/schema\/logo\/image\/\",\"url\":\"https:\/\/aositerminals.com\/wp-content\/uploads\/2025\/03\/aff0c45cf8d34c8eee2824ecf650eb5.webp\",\"contentUrl\":\"https:\/\/aositerminals.com\/wp-content\/uploads\/2025\/03\/aff0c45cf8d34c8eee2824ecf650eb5.webp\",\"width\":215,\"height\":97,\"caption\":\"Industrial Automation Terminal Blocks\"},\"image\":{\"@id\":\"https:\/\/aositerminals.com\/ru\/#\/schema\/logo\/image\/\"}}]}<\/script>\n<meta property=\"og:availability\" content=\"instock\" \/>\n<meta property=\"product:availability\" content=\"instock\" \/>\n<meta property=\"product:condition\" content=\"new\" \/>\n<!-- \/ Yoast SEO Premium plugin. -->","yoast_head_json":{"title":"Barriere-Reihenklemme | Ber\u00fchrungssicheres Design | FPC2.5-XX-500-22B - AOSI Terminal Blocks &amp; Module Manufacturer | Industrial Connectivity Solutions","description":"Das Barrieregeh\u00e4use verhindert Kurzschl\u00fcsse und verbessert die Sicherheit. Ideal f\u00fcr Wechselrichter. Kontaktieren Sie uns f\u00fcr Preise!","robots":{"index":"index","follow":"follow","max-snippet":"max-snippet:-1","max-image-preview":"max-image-preview:large","max-video-preview":"max-video-preview:-1"},"canonical":"https:\/\/aositerminals.com\/de\/product\/barrier-style-terminal-block-fpc2-5-xx-500-22b\/","og_locale":"de_DE","og_type":"article","og_title":"Barrier-style Terminal Block | Anti-touch Safety Design | FPC2.5-XX-500-22B","og_description":"Barrier housing prevents shorting and improves safety. Ideal for inverters. Contact for pricing!","og_url":"https:\/\/aositerminals.com\/de\/product\/barrier-style-terminal-block-fpc2-5-xx-500-22b\/","og_site_name":"AOSI Terminal Blocks &amp; Module Manufacturer | Industrial Connectivity Solutions","article_modified_time":"2025-09-13T04:08:47+00:00","og_image":[{"width":800,"height":800,"url":"https:\/\/aositerminals.com\/wp-content\/uploads\/2025\/05\/2024-6-4-9-48-26.jpg","type":"image\/jpeg"}],"twitter_card":"summary_large_image","twitter_misc":{"Verf\u00fcgbarkeit":"Auf Lager"},"schema":{"@context":"https:\/\/schema.org","@graph":[{"@type":"WebPage","@id":"https:\/\/aositerminals.com\/es\/producto\/barrier-style-terminal-block-fpc2-5-xx-500-22b\/","url":"https:\/\/aositerminals.com\/es\/producto\/barrier-style-terminal-block-fpc2-5-xx-500-22b\/","name":"Barriere-Reihenklemme | Ber\u00fchrungssicheres Design | FPC2.5-XX-500-22B - AOSI Terminal Blocks &amp; Module Manufacturer | Industrial Connectivity Solutions","isPartOf":{"@id":"https:\/\/aositerminals.com\/ru\/#website"},"primaryImageOfPage":{"@id":"https:\/\/aositerminals.com\/es\/producto\/barrier-style-terminal-block-fpc2-5-xx-500-22b\/#primaryimage"},"image":{"@id":"https:\/\/aositerminals.com\/es\/producto\/barrier-style-terminal-block-fpc2-5-xx-500-22b\/#primaryimage"},"thumbnailUrl":"https:\/\/aositerminals.com\/wp-content\/uploads\/2025\/05\/2024-6-4-9-48-26.jpg","datePublished":"2025-05-22T10:22:19+00:00","dateModified":"2025-09-13T04:08:47+00:00","description":"Das Barrieregeh\u00e4use verhindert Kurzschl\u00fcsse und verbessert die Sicherheit. Ideal f\u00fcr Wechselrichter. Kontaktieren Sie uns f\u00fcr Preise!","breadcrumb":{"@id":"https:\/\/aositerminals.com\/es\/producto\/barrier-style-terminal-block-fpc2-5-xx-500-22b\/#breadcrumb"},"inLanguage":"de","potentialAction":[{"@type":"ReadAction","target":["https:\/\/aositerminals.com\/es\/producto\/barrier-style-terminal-block-fpc2-5-xx-500-22b\/"]}]},{"@type":"ImageObject","inLanguage":"de","@id":"https:\/\/aositerminals.com\/es\/producto\/barrier-style-terminal-block-fpc2-5-xx-500-22b\/#primaryimage","url":"https:\/\/aositerminals.com\/wp-content\/uploads\/2025\/05\/2024-6-4-9-48-26.jpg","contentUrl":"https:\/\/aositerminals.com\/wp-content\/uploads\/2025\/05\/2024-6-4-9-48-26.jpg","width":800,"height":800},{"@type":"BreadcrumbList","@id":"https:\/\/aositerminals.com\/es\/producto\/barrier-style-terminal-block-fpc2-5-xx-500-22b\/#breadcrumb","itemListElement":[{"@type":"ListItem","position":1,"name":"\u9996\u9875","item":"https:\/\/aositerminals.com\/ru\/"},{"@type":"ListItem","position":2,"name":"Products","item":"https:\/\/aositerminals.com\/ru\/products\/"},{"@type":"ListItem","position":3,"name":"Barrier-style Terminal Block | Anti-touch Safety Design | FPC2.5-XX-500-22B"}]},{"@type":"WebSite","@id":"https:\/\/aositerminals.com\/ru\/#website","url":"https:\/\/aositerminals.com\/ru\/","name":"Klemmenleisten f\u00fcr die industrielle Automatisierung","description":"Werkseitig direkt steckbare, Feder- und Schraubklemmenbl\u00f6cke und E\/A-\/Relaismodule. Schnelle OEM \/ ODM, weltweiter Versand.","publisher":{"@id":"https:\/\/aositerminals.com\/ru\/#organization"},"potentialAction":[{"@type":"SearchAction","target":{"@type":"EntryPoint","urlTemplate":"https:\/\/aositerminals.com\/ru\/?s={search_term_string}"},"query-input":{"@type":"PropertyValueSpecification","valueRequired":true,"valueName":"search_term_string"}}],"inLanguage":"de"},{"@type":"Organization","@id":"https:\/\/aositerminals.com\/ru\/#organization","name":"Klemmenleisten f\u00fcr die industrielle Automatisierung","url":"https:\/\/aositerminals.com\/ru\/","logo":{"@type":"ImageObject","inLanguage":"de","@id":"https:\/\/aositerminals.com\/ru\/#\/schema\/logo\/image\/","url":"https:\/\/aositerminals.com\/wp-content\/uploads\/2025\/03\/aff0c45cf8d34c8eee2824ecf650eb5.webp","contentUrl":"https:\/\/aositerminals.com\/wp-content\/uploads\/2025\/03\/aff0c45cf8d34c8eee2824ecf650eb5.webp","width":215,"height":97,"caption":"Industrial Automation Terminal Blocks"},"image":{"@id":"https:\/\/aositerminals.com\/ru\/#\/schema\/logo\/image\/"}}]},"og_availability":"instock","product_availability":"instock","product_condition":"new"},"_links":{"self":[{"href":"https:\/\/aositerminals.com\/de\/wp-json\/wp\/v2\/product\/25967","targetHints":{"allow":["GET"]}}],"collection":[{"href":"https:\/\/aositerminals.com\/de\/wp-json\/wp\/v2\/product"}],"about":[{"href":"https:\/\/aositerminals.com\/de\/wp-json\/wp\/v2\/types\/product"}],"version-history":[{"count":0,"href":"https:\/\/aositerminals.com\/de\/wp-json\/wp\/v2\/product\/25967\/revisions"}],"wp:featuredmedia":[{"embeddable":true,"href":"https:\/\/aositerminals.com\/de\/wp-json\/wp\/v2\/media\/26017"}],"wp:attachment":[{"href":"https:\/\/aositerminals.com\/de\/wp-json\/wp\/v2\/media?parent=25967"}],"wp:term":[{"taxonomy":"product_brand","embeddable":true,"href":"https:\/\/aositerminals.com\/de\/wp-json\/wp\/v2\/product_brand?post=25967"},{"taxonomy":"product_cat","embeddable":true,"href":"https:\/\/aositerminals.com\/de\/wp-json\/wp\/v2\/product_cat?post=25967"},{"taxonomy":"product_tag","embeddable":true,"href":"https:\/\/aositerminals.com\/de\/wp-json\/wp\/v2\/product_tag?post=25967"}],"curies":[{"name":"wp","href":"https:\/\/api.w.org\/{rel}","templated":true}]}}