{"id":29796,"date":"2025-06-24T12:00:08","date_gmt":"2025-06-24T04:00:08","guid":{"rendered":"https:\/\/aositerminals.com\/?post_type=product&#038;p=29796"},"modified":"2025-09-13T12:07:26","modified_gmt":"2025-09-13T04:07:26","slug":"din-rail-db25-female-to-terminal-block-adapter-hdm25m-f","status":"publish","type":"product","link":"https:\/\/aositerminals.com\/de\/product\/din-rail-db25-female-to-terminal-block-adapter-hdm25m-f\/","title":{"rendered":"DIN-Schienen-DB25-Buchse auf Klemmenblock-Adapter | HDM25M-F"},"content":{"rendered":"","protected":false},"excerpt":{"rendered":"<h2>DIN-Schienen-DB25-Buchse auf Klemmenblock-Adapter<\/h2>\r\nProduct Function: D-SUB terminal box\r\nRated Voltage: DC24V\r\nInput max current(single-channel): 1A\r\nInput terminal interface\/usable wire diameter: D-SUB MALE(FEMALE)\r\nOutput terminal interface\/usable wire diameter: 24-12AWG\/0.5-2.5mm<sup>2<\/sup>","protected":false},"featured_media":29816,"template":"","meta":{"_acf_changed":false},"product_brand":[],"product_cat":[96],"product_tag":[],"class_list":{"0":"post-29796","1":"product","2":"type-product","3":"status-publish","4":"has-post-thumbnail","6":"product_cat-d-sub","8":"first","9":"instock","10":"shipping-taxable","11":"purchasable","12":"product-type-variable","13":"has-default-attributes"},"acf":[],"yoast_head":"<!-- This site is optimized with the Yoast SEO Premium plugin v24.7 (Yoast SEO v24.7) - https:\/\/yoast.com\/wordpress\/plugins\/seo\/ -->\n<title>DIN Rail DB25 Female to Terminal Block Adapter | HDM25M-F - AOSI Terminal Blocks &amp; Module Manufacturer | Industrial Connectivity Solutions<\/title>\n<meta name=\"description\" content=\"Break out DB25 female connections to individual terminals with this DIN rail mount module. Click to order today!\" \/>\n<meta name=\"robots\" content=\"index, follow, max-snippet:-1, max-image-preview:large, max-video-preview:-1\" \/>\n<link rel=\"canonical\" href=\"https:\/\/aositerminals.com\/de\/product\/din-rail-db25-female-to-terminal-block-adapter-hdm25m-f\/\" \/>\n<meta property=\"og:locale\" content=\"de_DE\" \/>\n<meta property=\"og:type\" content=\"article\" \/>\n<meta property=\"og:title\" content=\"DIN Rail DB25 Female to Terminal Block Adapter | HDM25M-F\" \/>\n<meta property=\"og:description\" content=\"Break out DB25 female connections to individual terminals with this DIN rail mount module. Click to order today!\" \/>\n<meta property=\"og:url\" content=\"https:\/\/aositerminals.com\/de\/product\/din-rail-db25-female-to-terminal-block-adapter-hdm25m-f\/\" \/>\n<meta property=\"og:site_name\" content=\"AOSI Terminal Blocks &amp; Module Manufacturer | Industrial Connectivity Solutions\" \/>\n<meta property=\"article:modified_time\" content=\"2025-09-13T04:07:26+00:00\" \/>\n<meta property=\"og:image\" content=\"https:\/\/aositerminals.com\/wp-content\/uploads\/2025\/06\/HDM25M-F-zstp.png\" \/>\n\t<meta property=\"og:image:width\" content=\"260\" \/>\n\t<meta property=\"og:image:height\" content=\"260\" \/>\n\t<meta property=\"og:image:type\" content=\"image\/png\" \/>\n<meta name=\"twitter:card\" content=\"summary_large_image\" \/>\n<meta name=\"twitter:label1\" content=\"Verf\u00fcgbarkeit\" \/>\n\t<meta name=\"twitter:data1\" content=\"Auf Lager\" \/>\n<script type=\"application\/ld+json\" class=\"yoast-schema-graph\">{\"@context\":\"https:\/\/schema.org\",\"@graph\":[{\"@type\":\"WebPage\",\"@id\":\"https:\/\/aositerminals.com\/product\/din-rail-db25-female-to-terminal-block-adapter-hdm25m-f\/\",\"url\":\"https:\/\/aositerminals.com\/product\/din-rail-db25-female-to-terminal-block-adapter-hdm25m-f\/\",\"name\":\"DIN Rail DB25 Female to Terminal Block Adapter | HDM25M-F - AOSI Terminal Blocks &amp; Module Manufacturer | Industrial Connectivity Solutions\",\"isPartOf\":{\"@id\":\"https:\/\/aositerminals.com\/#website\"},\"primaryImageOfPage\":{\"@id\":\"https:\/\/aositerminals.com\/product\/din-rail-db25-female-to-terminal-block-adapter-hdm25m-f\/#primaryimage\"},\"image\":{\"@id\":\"https:\/\/aositerminals.com\/product\/din-rail-db25-female-to-terminal-block-adapter-hdm25m-f\/#primaryimage\"},\"thumbnailUrl\":\"https:\/\/aositerminals.com\/wp-content\/uploads\/2025\/06\/HDM25M-F-zstp.png\",\"datePublished\":\"2025-06-24T04:00:08+00:00\",\"dateModified\":\"2025-09-13T04:07:26+00:00\",\"description\":\"Break out DB25 female connections to individual terminals with this DIN rail mount module. Click to order today!\",\"breadcrumb\":{\"@id\":\"https:\/\/aositerminals.com\/product\/din-rail-db25-female-to-terminal-block-adapter-hdm25m-f\/#breadcrumb\"},\"inLanguage\":\"de\",\"potentialAction\":[{\"@type\":\"ReadAction\",\"target\":[\"https:\/\/aositerminals.com\/product\/din-rail-db25-female-to-terminal-block-adapter-hdm25m-f\/\"]}]},{\"@type\":\"ImageObject\",\"inLanguage\":\"de\",\"@id\":\"https:\/\/aositerminals.com\/product\/din-rail-db25-female-to-terminal-block-adapter-hdm25m-f\/#primaryimage\",\"url\":\"https:\/\/aositerminals.com\/wp-content\/uploads\/2025\/06\/HDM25M-F-zstp.png\",\"contentUrl\":\"https:\/\/aositerminals.com\/wp-content\/uploads\/2025\/06\/HDM25M-F-zstp.png\",\"width\":260,\"height\":260},{\"@type\":\"BreadcrumbList\",\"@id\":\"https:\/\/aositerminals.com\/product\/din-rail-db25-female-to-terminal-block-adapter-hdm25m-f\/#breadcrumb\",\"itemListElement\":[{\"@type\":\"ListItem\",\"position\":1,\"name\":\"\u9996\u9875\",\"item\":\"https:\/\/aositerminals.com\/\"},{\"@type\":\"ListItem\",\"position\":2,\"name\":\"Products\",\"item\":\"https:\/\/aositerminals.com\/products\/\"},{\"@type\":\"ListItem\",\"position\":3,\"name\":\"DIN Rail DB25 Female to Terminal Block Adapter | HDM25M-F\"}]},{\"@type\":\"WebSite\",\"@id\":\"https:\/\/aositerminals.com\/#website\",\"url\":\"https:\/\/aositerminals.com\/\",\"name\":\"Industrial Automation Terminal Blocks\",\"description\":\"Factory-direct pluggable, spring &amp; screw terminal blocks and I\/O \/ relay modules. Fast OEM \/ ODM, global shipping.\",\"publisher\":{\"@id\":\"https:\/\/aositerminals.com\/#organization\"},\"potentialAction\":[{\"@type\":\"SearchAction\",\"target\":{\"@type\":\"EntryPoint\",\"urlTemplate\":\"https:\/\/aositerminals.com\/?s={search_term_string}\"},\"query-input\":{\"@type\":\"PropertyValueSpecification\",\"valueRequired\":true,\"valueName\":\"search_term_string\"}}],\"inLanguage\":\"de\"},{\"@type\":\"Organization\",\"@id\":\"https:\/\/aositerminals.com\/#organization\",\"name\":\"Industrial Automation Terminal Blocks\",\"url\":\"https:\/\/aositerminals.com\/\",\"logo\":{\"@type\":\"ImageObject\",\"inLanguage\":\"de\",\"@id\":\"https:\/\/aositerminals.com\/#\/schema\/logo\/image\/\",\"url\":\"https:\/\/aositerminals.com\/wp-content\/uploads\/2025\/03\/aff0c45cf8d34c8eee2824ecf650eb5.webp\",\"contentUrl\":\"https:\/\/aositerminals.com\/wp-content\/uploads\/2025\/03\/aff0c45cf8d34c8eee2824ecf650eb5.webp\",\"width\":215,\"height\":97,\"caption\":\"Industrial Automation Terminal Blocks\"},\"image\":{\"@id\":\"https:\/\/aositerminals.com\/#\/schema\/logo\/image\/\"}}]}<\/script>\n<meta property=\"og:availability\" content=\"instock\" \/>\n<meta property=\"product:availability\" content=\"instock\" \/>\n<meta property=\"product:condition\" content=\"new\" \/>\n<!-- \/ Yoast SEO Premium plugin. -->","yoast_head_json":{"title":"DIN-Schienen-DB25-Buchse auf Klemmenblock-Adapter | HDM25M-F - AOSI Klemmenblocks &amp; Modulhersteller | Industrielle Verbindungsl\u00f6sungen","description":"Mit diesem Modul f\u00fcr die DIN-Schienenmontage lassen sich DB25-Buchsenanschl\u00fcsse auf einzelne Klemmen aufteilen. Klicken Sie hier und bestellen Sie noch heute!","robots":{"index":"index","follow":"follow","max-snippet":"max-snippet:-1","max-image-preview":"max-image-preview:large","max-video-preview":"max-video-preview:-1"},"canonical":"https:\/\/aositerminals.com\/de\/product\/din-rail-db25-female-to-terminal-block-adapter-hdm25m-f\/","og_locale":"de_DE","og_type":"article","og_title":"DIN Rail DB25 Female to Terminal Block Adapter | HDM25M-F","og_description":"Break out DB25 female connections to individual terminals with this DIN rail mount module. Click to order today!","og_url":"https:\/\/aositerminals.com\/de\/product\/din-rail-db25-female-to-terminal-block-adapter-hdm25m-f\/","og_site_name":"AOSI Terminal Blocks &amp; Module Manufacturer | Industrial Connectivity Solutions","article_modified_time":"2025-09-13T04:07:26+00:00","og_image":[{"width":260,"height":260,"url":"https:\/\/aositerminals.com\/wp-content\/uploads\/2025\/06\/HDM25M-F-zstp.png","type":"image\/png"}],"twitter_card":"summary_large_image","twitter_misc":{"Verf\u00fcgbarkeit":"Auf Lager"},"schema":{"@context":"https:\/\/schema.org","@graph":[{"@type":"WebPage","@id":"https:\/\/aositerminals.com\/product\/din-rail-db25-female-to-terminal-block-adapter-hdm25m-f\/","url":"https:\/\/aositerminals.com\/product\/din-rail-db25-female-to-terminal-block-adapter-hdm25m-f\/","name":"DIN-Schienen-DB25-Buchse auf Klemmenblock-Adapter | HDM25M-F - AOSI Klemmenblocks &amp; Modulhersteller | Industrielle Verbindungsl\u00f6sungen","isPartOf":{"@id":"https:\/\/aositerminals.com\/#website"},"primaryImageOfPage":{"@id":"https:\/\/aositerminals.com\/product\/din-rail-db25-female-to-terminal-block-adapter-hdm25m-f\/#primaryimage"},"image":{"@id":"https:\/\/aositerminals.com\/product\/din-rail-db25-female-to-terminal-block-adapter-hdm25m-f\/#primaryimage"},"thumbnailUrl":"https:\/\/aositerminals.com\/wp-content\/uploads\/2025\/06\/HDM25M-F-zstp.png","datePublished":"2025-06-24T04:00:08+00:00","dateModified":"2025-09-13T04:07:26+00:00","description":"Mit diesem Modul f\u00fcr die DIN-Schienenmontage lassen sich DB25-Buchsenanschl\u00fcsse auf einzelne Klemmen aufteilen. Klicken Sie hier und bestellen Sie noch heute!","breadcrumb":{"@id":"https:\/\/aositerminals.com\/product\/din-rail-db25-female-to-terminal-block-adapter-hdm25m-f\/#breadcrumb"},"inLanguage":"de","potentialAction":[{"@type":"ReadAction","target":["https:\/\/aositerminals.com\/product\/din-rail-db25-female-to-terminal-block-adapter-hdm25m-f\/"]}]},{"@type":"ImageObject","inLanguage":"de","@id":"https:\/\/aositerminals.com\/product\/din-rail-db25-female-to-terminal-block-adapter-hdm25m-f\/#primaryimage","url":"https:\/\/aositerminals.com\/wp-content\/uploads\/2025\/06\/HDM25M-F-zstp.png","contentUrl":"https:\/\/aositerminals.com\/wp-content\/uploads\/2025\/06\/HDM25M-F-zstp.png","width":260,"height":260},{"@type":"BreadcrumbList","@id":"https:\/\/aositerminals.com\/product\/din-rail-db25-female-to-terminal-block-adapter-hdm25m-f\/#breadcrumb","itemListElement":[{"@type":"ListItem","position":1,"name":"\u9996\u9875","item":"https:\/\/aositerminals.com\/"},{"@type":"ListItem","position":2,"name":"Products","item":"https:\/\/aositerminals.com\/products\/"},{"@type":"ListItem","position":3,"name":"DIN Rail DB25 Female to Terminal Block Adapter | HDM25M-F"}]},{"@type":"WebSite","@id":"https:\/\/aositerminals.com\/#website","url":"https:\/\/aositerminals.com\/","name":"Klemmenleisten f\u00fcr die industrielle Automatisierung","description":"Werkseitig direkt steckbare, Feder- und Schraubklemmenbl\u00f6cke und E\/A-\/Relaismodule. Schnelle OEM \/ ODM, weltweiter Versand.","publisher":{"@id":"https:\/\/aositerminals.com\/#organization"},"potentialAction":[{"@type":"SearchAction","target":{"@type":"EntryPoint","urlTemplate":"https:\/\/aositerminals.com\/?s={search_term_string}"},"query-input":{"@type":"PropertyValueSpecification","valueRequired":true,"valueName":"search_term_string"}}],"inLanguage":"de"},{"@type":"Organization","@id":"https:\/\/aositerminals.com\/#organization","name":"Klemmenleisten f\u00fcr die industrielle Automatisierung","url":"https:\/\/aositerminals.com\/","logo":{"@type":"ImageObject","inLanguage":"de","@id":"https:\/\/aositerminals.com\/#\/schema\/logo\/image\/","url":"https:\/\/aositerminals.com\/wp-content\/uploads\/2025\/03\/aff0c45cf8d34c8eee2824ecf650eb5.webp","contentUrl":"https:\/\/aositerminals.com\/wp-content\/uploads\/2025\/03\/aff0c45cf8d34c8eee2824ecf650eb5.webp","width":215,"height":97,"caption":"Industrial Automation Terminal Blocks"},"image":{"@id":"https:\/\/aositerminals.com\/#\/schema\/logo\/image\/"}}]},"og_availability":"instock","product_availability":"instock","product_condition":"new"},"_links":{"self":[{"href":"https:\/\/aositerminals.com\/de\/wp-json\/wp\/v2\/product\/29796","targetHints":{"allow":["GET"]}}],"collection":[{"href":"https:\/\/aositerminals.com\/de\/wp-json\/wp\/v2\/product"}],"about":[{"href":"https:\/\/aositerminals.com\/de\/wp-json\/wp\/v2\/types\/product"}],"version-history":[{"count":0,"href":"https:\/\/aositerminals.com\/de\/wp-json\/wp\/v2\/product\/29796\/revisions"}],"wp:featuredmedia":[{"embeddable":true,"href":"https:\/\/aositerminals.com\/de\/wp-json\/wp\/v2\/media\/29816"}],"wp:attachment":[{"href":"https:\/\/aositerminals.com\/de\/wp-json\/wp\/v2\/media?parent=29796"}],"wp:term":[{"taxonomy":"product_brand","embeddable":true,"href":"https:\/\/aositerminals.com\/de\/wp-json\/wp\/v2\/product_brand?post=29796"},{"taxonomy":"product_cat","embeddable":true,"href":"https:\/\/aositerminals.com\/de\/wp-json\/wp\/v2\/product_cat?post=29796"},{"taxonomy":"product_tag","embeddable":true,"href":"https:\/\/aositerminals.com\/de\/wp-json\/wp\/v2\/product_tag?post=29796"}],"curies":[{"name":"wp","href":"https:\/\/api.w.org\/{rel}","templated":true}]}}