{"id":15884,"date":"2025-04-24T18:19:26","date_gmt":"2025-04-24T10:19:26","guid":{"rendered":"https:\/\/aositerminals.com\/?post_type=product&#038;p=15884"},"modified":"2025-09-13T15:21:28","modified_gmt":"2025-09-13T07:21:28","slug":"push-in-terminal-block-factory-direct-fast-wiring-solution-fs1-xx-250-05w","status":"publish","type":"product","link":"https:\/\/aositerminals.com\/es\/producto\/push-in-terminal-block-factory-direct-fast-wiring-solution-fs1-xx-250-05w\/","title":{"rendered":"Bloque de terminales Push-in | Soluci\u00f3n de cableado r\u00e1pido directo de f\u00e1brica | FS1-XX-250-05W"},"content":{"rendered":"","protected":false},"excerpt":{"rendered":"<h2>Bloque de terminales Push in Soluci\u00f3n de cableado r\u00e1pido directo de f\u00e1brica<\/h2>\r\n<span style=\"color: #333333;\">Corriente nominal: 4A<\/span>\r\n<span style=\"color: #333333;\">Tensi\u00f3n nominal: 150 V<\/span>\r\n<span style=\"color: #333333;\">Gama de cables: 28-20AWG<\/span>\r\n<span style=\"color: #333333;\">Paso: 2,5 mm<\/span>\r\n<span style=\"color: #333333;\">Montaje: Soldadura por ola<\/span>","protected":false},"featured_media":16456,"template":"","meta":{"_acf_changed":false},"product_brand":[],"product_cat":[64],"product_tag":[],"class_list":{"0":"post-15884","1":"product","2":"type-product","3":"status-publish","4":"has-post-thumbnail","6":"product_cat-spring-terminal-block","7":"pa_pitch-2-5mm","9":"first","10":"instock","11":"shipping-taxable","12":"purchasable","13":"product-type-variable","14":"has-default-attributes"},"acf":[],"yoast_head":"<!-- This site is optimized with the Yoast SEO Premium plugin v24.7 (Yoast SEO v24.7) - https:\/\/yoast.com\/wordpress\/plugins\/seo\/ -->\n<title>Push-in Terminal Block | Factory Direct Fast Wiring Solution | FS1-XX-250-05W - AOSI Terminal Blocks &amp; Module Manufacturer | Industrial Connectivity Solutions<\/title>\n<meta name=\"description\" content=\"Compact design with secure wiring performance. Push-in Terminal Block ensures quality and reliability. Trusted by engineers for signal and power terminals. Learn more.\" \/>\n<meta name=\"robots\" content=\"index, follow, max-snippet:-1, max-image-preview:large, max-video-preview:-1\" \/>\n<link rel=\"canonical\" href=\"https:\/\/aositerminals.com\/es\/producto\/push-in-terminal-block-factory-direct-fast-wiring-solution-fs1-xx-250-05w\/\" \/>\n<meta property=\"og:locale\" content=\"es_ES\" \/>\n<meta property=\"og:type\" content=\"article\" \/>\n<meta property=\"og:title\" content=\"Push-in Terminal Block | Factory Direct Fast Wiring Solution | FS1-XX-250-05W\" \/>\n<meta property=\"og:description\" content=\"Compact design with secure wiring performance. Push-in Terminal Block ensures quality and reliability. Trusted by engineers for signal and power terminals. Learn more.\" \/>\n<meta property=\"og:url\" content=\"https:\/\/aositerminals.com\/es\/producto\/push-in-terminal-block-factory-direct-fast-wiring-solution-fs1-xx-250-05w\/\" \/>\n<meta property=\"og:site_name\" content=\"AOSI Terminal Blocks &amp; Module Manufacturer | Industrial Connectivity Solutions\" \/>\n<meta property=\"article:modified_time\" content=\"2025-09-13T07:21:28+00:00\" \/>\n<meta property=\"og:image\" content=\"https:\/\/aositerminals.com\/wp-content\/uploads\/2025\/04\/DG240W-3.jpg\" \/>\n\t<meta property=\"og:image:width\" content=\"800\" \/>\n\t<meta property=\"og:image:height\" content=\"800\" \/>\n\t<meta property=\"og:image:type\" content=\"image\/jpeg\" \/>\n<meta name=\"twitter:card\" content=\"summary_large_image\" \/>\n<meta name=\"twitter:label1\" content=\"Disponibilidad\" \/>\n\t<meta name=\"twitter:data1\" content=\"Disponible\" \/>\n<script type=\"application\/ld+json\" class=\"yoast-schema-graph\">{\"@context\":\"https:\/\/schema.org\",\"@graph\":[{\"@type\":\"WebPage\",\"@id\":\"https:\/\/aositerminals.com\/en\/product\/push-in-terminal-block-factory-direct-fast-wiring-solution-fs1-xx-250-05w\/\",\"url\":\"https:\/\/aositerminals.com\/en\/product\/push-in-terminal-block-factory-direct-fast-wiring-solution-fs1-xx-250-05w\/\",\"name\":\"Push-in Terminal Block | Factory Direct Fast Wiring Solution | FS1-XX-250-05W - AOSI Terminal Blocks &amp; Module Manufacturer | Industrial Connectivity Solutions\",\"isPartOf\":{\"@id\":\"https:\/\/aositerminals.com\/ru\/#website\"},\"primaryImageOfPage\":{\"@id\":\"https:\/\/aositerminals.com\/en\/product\/push-in-terminal-block-factory-direct-fast-wiring-solution-fs1-xx-250-05w\/#primaryimage\"},\"image\":{\"@id\":\"https:\/\/aositerminals.com\/en\/product\/push-in-terminal-block-factory-direct-fast-wiring-solution-fs1-xx-250-05w\/#primaryimage\"},\"thumbnailUrl\":\"https:\/\/aositerminals.com\/wp-content\/uploads\/2025\/04\/DG240W-3.jpg\",\"datePublished\":\"2025-04-24T10:19:26+00:00\",\"dateModified\":\"2025-09-13T07:21:28+00:00\",\"description\":\"Compact design with secure wiring performance. Push-in Terminal Block ensures quality and reliability. Trusted by engineers for signal and power terminals. Learn more.\",\"breadcrumb\":{\"@id\":\"https:\/\/aositerminals.com\/en\/product\/push-in-terminal-block-factory-direct-fast-wiring-solution-fs1-xx-250-05w\/#breadcrumb\"},\"inLanguage\":\"es\",\"potentialAction\":[{\"@type\":\"ReadAction\",\"target\":[\"https:\/\/aositerminals.com\/en\/product\/push-in-terminal-block-factory-direct-fast-wiring-solution-fs1-xx-250-05w\/\"]}]},{\"@type\":\"ImageObject\",\"inLanguage\":\"es\",\"@id\":\"https:\/\/aositerminals.com\/en\/product\/push-in-terminal-block-factory-direct-fast-wiring-solution-fs1-xx-250-05w\/#primaryimage\",\"url\":\"https:\/\/aositerminals.com\/wp-content\/uploads\/2025\/04\/DG240W-3.jpg\",\"contentUrl\":\"https:\/\/aositerminals.com\/wp-content\/uploads\/2025\/04\/DG240W-3.jpg\",\"width\":800,\"height\":800,\"caption\":\"Push-in Terminal Block\"},{\"@type\":\"BreadcrumbList\",\"@id\":\"https:\/\/aositerminals.com\/en\/product\/push-in-terminal-block-factory-direct-fast-wiring-solution-fs1-xx-250-05w\/#breadcrumb\",\"itemListElement\":[{\"@type\":\"ListItem\",\"position\":1,\"name\":\"\u9996\u9875\",\"item\":\"https:\/\/aositerminals.com\/ru\/\"},{\"@type\":\"ListItem\",\"position\":2,\"name\":\"Products\",\"item\":\"https:\/\/aositerminals.com\/ru\/products\/\"},{\"@type\":\"ListItem\",\"position\":3,\"name\":\"Push-in Terminal Block | Factory Direct Fast Wiring Solution | FS1-XX-250-05W\"}]},{\"@type\":\"WebSite\",\"@id\":\"https:\/\/aositerminals.com\/ru\/#website\",\"url\":\"https:\/\/aositerminals.com\/ru\/\",\"name\":\"Industrial Automation Terminal Blocks\",\"description\":\"Factory-direct pluggable, spring &amp; screw terminal blocks and I\/O \/ relay modules. Fast OEM \/ ODM, global shipping.\",\"publisher\":{\"@id\":\"https:\/\/aositerminals.com\/ru\/#organization\"},\"potentialAction\":[{\"@type\":\"SearchAction\",\"target\":{\"@type\":\"EntryPoint\",\"urlTemplate\":\"https:\/\/aositerminals.com\/ru\/?s={search_term_string}\"},\"query-input\":{\"@type\":\"PropertyValueSpecification\",\"valueRequired\":true,\"valueName\":\"search_term_string\"}}],\"inLanguage\":\"es\"},{\"@type\":\"Organization\",\"@id\":\"https:\/\/aositerminals.com\/ru\/#organization\",\"name\":\"Industrial Automation Terminal Blocks\",\"url\":\"https:\/\/aositerminals.com\/ru\/\",\"logo\":{\"@type\":\"ImageObject\",\"inLanguage\":\"es\",\"@id\":\"https:\/\/aositerminals.com\/ru\/#\/schema\/logo\/image\/\",\"url\":\"https:\/\/aositerminals.com\/wp-content\/uploads\/2025\/03\/aff0c45cf8d34c8eee2824ecf650eb5.webp\",\"contentUrl\":\"https:\/\/aositerminals.com\/wp-content\/uploads\/2025\/03\/aff0c45cf8d34c8eee2824ecf650eb5.webp\",\"width\":215,\"height\":97,\"caption\":\"Industrial Automation Terminal Blocks\"},\"image\":{\"@id\":\"https:\/\/aositerminals.com\/ru\/#\/schema\/logo\/image\/\"}}]}<\/script>\n<meta property=\"og:availability\" content=\"instock\" \/>\n<meta property=\"product:availability\" content=\"instock\" \/>\n<meta property=\"product:condition\" content=\"new\" \/>\n<!-- \/ Yoast SEO Premium plugin. -->","yoast_head_json":{"title":"Bloque de terminales Push-in | Soluci\u00f3n de cableado r\u00e1pido directo de f\u00e1brica | FS1-XX-250-05W - AOSI Terminal Blocks &amp; Module Manufacturer | Industrial Connectivity Solutions","description":"Dise\u00f1o compacto con prestaciones de cableado seguro. El bloque de terminales Push-in garantiza calidad y fiabilidad. La confianza de los ingenieros para terminales de se\u00f1al y potencia. M\u00e1s informaci\u00f3n.","robots":{"index":"index","follow":"follow","max-snippet":"max-snippet:-1","max-image-preview":"max-image-preview:large","max-video-preview":"max-video-preview:-1"},"canonical":"https:\/\/aositerminals.com\/es\/producto\/push-in-terminal-block-factory-direct-fast-wiring-solution-fs1-xx-250-05w\/","og_locale":"es_ES","og_type":"article","og_title":"Push-in Terminal Block | Factory Direct Fast Wiring Solution | FS1-XX-250-05W","og_description":"Compact design with secure wiring performance. Push-in Terminal Block ensures quality and reliability. Trusted by engineers for signal and power terminals. Learn more.","og_url":"https:\/\/aositerminals.com\/es\/producto\/push-in-terminal-block-factory-direct-fast-wiring-solution-fs1-xx-250-05w\/","og_site_name":"AOSI Terminal Blocks &amp; Module Manufacturer | Industrial Connectivity Solutions","article_modified_time":"2025-09-13T07:21:28+00:00","og_image":[{"width":800,"height":800,"url":"https:\/\/aositerminals.com\/wp-content\/uploads\/2025\/04\/DG240W-3.jpg","type":"image\/jpeg"}],"twitter_card":"summary_large_image","twitter_misc":{"Disponibilidad":"Disponible"},"schema":{"@context":"https:\/\/schema.org","@graph":[{"@type":"WebPage","@id":"https:\/\/aositerminals.com\/en\/product\/push-in-terminal-block-factory-direct-fast-wiring-solution-fs1-xx-250-05w\/","url":"https:\/\/aositerminals.com\/en\/product\/push-in-terminal-block-factory-direct-fast-wiring-solution-fs1-xx-250-05w\/","name":"Bloque de terminales Push-in | Soluci\u00f3n de cableado r\u00e1pido directo de f\u00e1brica | FS1-XX-250-05W - AOSI Terminal Blocks &amp; Module Manufacturer | Industrial Connectivity Solutions","isPartOf":{"@id":"https:\/\/aositerminals.com\/ru\/#website"},"primaryImageOfPage":{"@id":"https:\/\/aositerminals.com\/en\/product\/push-in-terminal-block-factory-direct-fast-wiring-solution-fs1-xx-250-05w\/#primaryimage"},"image":{"@id":"https:\/\/aositerminals.com\/en\/product\/push-in-terminal-block-factory-direct-fast-wiring-solution-fs1-xx-250-05w\/#primaryimage"},"thumbnailUrl":"https:\/\/aositerminals.com\/wp-content\/uploads\/2025\/04\/DG240W-3.jpg","datePublished":"2025-04-24T10:19:26+00:00","dateModified":"2025-09-13T07:21:28+00:00","description":"Dise\u00f1o compacto con prestaciones de cableado seguro. El bloque de terminales Push-in garantiza calidad y fiabilidad. La confianza de los ingenieros para terminales de se\u00f1al y potencia. M\u00e1s informaci\u00f3n.","breadcrumb":{"@id":"https:\/\/aositerminals.com\/en\/product\/push-in-terminal-block-factory-direct-fast-wiring-solution-fs1-xx-250-05w\/#breadcrumb"},"inLanguage":"es","potentialAction":[{"@type":"ReadAction","target":["https:\/\/aositerminals.com\/en\/product\/push-in-terminal-block-factory-direct-fast-wiring-solution-fs1-xx-250-05w\/"]}]},{"@type":"ImageObject","inLanguage":"es","@id":"https:\/\/aositerminals.com\/en\/product\/push-in-terminal-block-factory-direct-fast-wiring-solution-fs1-xx-250-05w\/#primaryimage","url":"https:\/\/aositerminals.com\/wp-content\/uploads\/2025\/04\/DG240W-3.jpg","contentUrl":"https:\/\/aositerminals.com\/wp-content\/uploads\/2025\/04\/DG240W-3.jpg","width":800,"height":800,"caption":"Push-in Terminal Block"},{"@type":"BreadcrumbList","@id":"https:\/\/aositerminals.com\/en\/product\/push-in-terminal-block-factory-direct-fast-wiring-solution-fs1-xx-250-05w\/#breadcrumb","itemListElement":[{"@type":"ListItem","position":1,"name":"\u9996\u9875","item":"https:\/\/aositerminals.com\/ru\/"},{"@type":"ListItem","position":2,"name":"Products","item":"https:\/\/aositerminals.com\/ru\/products\/"},{"@type":"ListItem","position":3,"name":"Push-in Terminal Block | Factory Direct Fast Wiring Solution | FS1-XX-250-05W"}]},{"@type":"WebSite","@id":"https:\/\/aositerminals.com\/ru\/#website","url":"https:\/\/aositerminals.com\/ru\/","name":"Bloques de terminales de automatizaci\u00f3n industrial","description":"Bloques de terminales enchufables, de muelle y de tornillo y m\u00f3dulos de E\/S y rel\u00e9s directos de f\u00e1brica. OEM \/ ODM r\u00e1pido, env\u00edo global.","publisher":{"@id":"https:\/\/aositerminals.com\/ru\/#organization"},"potentialAction":[{"@type":"SearchAction","target":{"@type":"EntryPoint","urlTemplate":"https:\/\/aositerminals.com\/ru\/?s={search_term_string}"},"query-input":{"@type":"PropertyValueSpecification","valueRequired":true,"valueName":"search_term_string"}}],"inLanguage":"es"},{"@type":"Organization","@id":"https:\/\/aositerminals.com\/ru\/#organization","name":"Bloques de terminales de automatizaci\u00f3n industrial","url":"https:\/\/aositerminals.com\/ru\/","logo":{"@type":"ImageObject","inLanguage":"es","@id":"https:\/\/aositerminals.com\/ru\/#\/schema\/logo\/image\/","url":"https:\/\/aositerminals.com\/wp-content\/uploads\/2025\/03\/aff0c45cf8d34c8eee2824ecf650eb5.webp","contentUrl":"https:\/\/aositerminals.com\/wp-content\/uploads\/2025\/03\/aff0c45cf8d34c8eee2824ecf650eb5.webp","width":215,"height":97,"caption":"Industrial Automation Terminal Blocks"},"image":{"@id":"https:\/\/aositerminals.com\/ru\/#\/schema\/logo\/image\/"}}]},"og_availability":"instock","product_availability":"instock","product_condition":"new"},"_links":{"self":[{"href":"https:\/\/aositerminals.com\/es\/wp-json\/wp\/v2\/product\/15884","targetHints":{"allow":["GET"]}}],"collection":[{"href":"https:\/\/aositerminals.com\/es\/wp-json\/wp\/v2\/product"}],"about":[{"href":"https:\/\/aositerminals.com\/es\/wp-json\/wp\/v2\/types\/product"}],"version-history":[{"count":0,"href":"https:\/\/aositerminals.com\/es\/wp-json\/wp\/v2\/product\/15884\/revisions"}],"wp:featuredmedia":[{"embeddable":true,"href":"https:\/\/aositerminals.com\/es\/wp-json\/wp\/v2\/media\/16456"}],"wp:attachment":[{"href":"https:\/\/aositerminals.com\/es\/wp-json\/wp\/v2\/media?parent=15884"}],"wp:term":[{"taxonomy":"product_brand","embeddable":true,"href":"https:\/\/aositerminals.com\/es\/wp-json\/wp\/v2\/product_brand?post=15884"},{"taxonomy":"product_cat","embeddable":true,"href":"https:\/\/aositerminals.com\/es\/wp-json\/wp\/v2\/product_cat?post=15884"},{"taxonomy":"product_tag","embeddable":true,"href":"https:\/\/aositerminals.com\/es\/wp-json\/wp\/v2\/product_tag?post=15884"}],"curies":[{"name":"wp","href":"https:\/\/api.w.org\/{rel}","templated":true}]}}