{"id":29750,"date":"2025-06-23T16:50:21","date_gmt":"2025-06-23T08:50:21","guid":{"rendered":"https:\/\/aositerminals.com\/?post_type=product&#038;p=29750"},"modified":"2025-09-13T12:08:04","modified_gmt":"2025-09-13T04:08:04","slug":"compact-din-rail-terminal-box-with-1-in-24-out-output-design-hm02-24m","status":"publish","type":"product","link":"https:\/\/aositerminals.com\/es\/producto\/compact-din-rail-terminal-box-with-1-in-24-out-output-design-hm02-24m\/","title":{"rendered":"Caja de bornes compacta para carril DIN con dise\u00f1o de 1 entrada y 24 salidas | HM02-24M"},"content":{"rendered":"","protected":false},"excerpt":{"rendered":"<h2>Caja de bornes compacta para carril DIN con dise\u00f1o de 1 entrada y 24 salidas<\/h2>\r\nProduct Function: one-in\/multiple-out terminal box\r\nRated Voltage: 300V\r\nInput max current(single-channel): 10A\r\nInput\/output terminal interface\/usable wire diameter: 24-12AWG\/0.5-2.5mm<sup>2 <\/sup>","protected":false},"featured_media":29760,"template":"","meta":{"_acf_changed":false},"product_brand":[],"product_cat":[98],"product_tag":[],"class_list":{"0":"post-29750","1":"product","2":"type-product","3":"status-publish","4":"has-post-thumbnail","6":"product_cat-power-distribution","8":"first","9":"instock","10":"shipping-taxable","11":"purchasable","12":"product-type-variable","13":"has-default-attributes"},"acf":[],"yoast_head":"<!-- This site is optimized with the Yoast SEO Premium plugin v24.7 (Yoast SEO v24.7) - https:\/\/yoast.com\/wordpress\/plugins\/seo\/ -->\n<title>Compact DIN Rail Terminal Box with 1-In 24-Out Output Design | HM02-24M - AOSI Terminal Blocks &amp; Module Manufacturer | Industrial Connectivity Solutions<\/title>\n<meta name=\"description\" content=\"Distribute 24 power lines with ease using this DIN rail terminal box. Buy today for efficient cabinet organization!\" \/>\n<meta name=\"robots\" content=\"index, follow, max-snippet:-1, max-image-preview:large, max-video-preview:-1\" \/>\n<link rel=\"canonical\" href=\"https:\/\/aositerminals.com\/es\/producto\/compact-din-rail-terminal-box-with-1-in-24-out-output-design-hm02-24m\/\" \/>\n<meta property=\"og:locale\" content=\"es_ES\" \/>\n<meta property=\"og:type\" content=\"article\" \/>\n<meta property=\"og:title\" content=\"Compact DIN Rail Terminal Box with 1-In 24-Out Output Design | HM02-24M\" \/>\n<meta property=\"og:description\" content=\"Distribute 24 power lines with ease using this DIN rail terminal box. Buy today for efficient cabinet organization!\" \/>\n<meta property=\"og:url\" content=\"https:\/\/aositerminals.com\/es\/producto\/compact-din-rail-terminal-box-with-1-in-24-out-output-design-hm02-24m\/\" \/>\n<meta property=\"og:site_name\" content=\"AOSI Terminal Blocks &amp; Module Manufacturer | Industrial Connectivity Solutions\" \/>\n<meta property=\"article:modified_time\" content=\"2025-09-13T04:08:04+00:00\" \/>\n<meta property=\"og:image\" content=\"https:\/\/aositerminals.com\/wp-content\/uploads\/2025\/06\/HM02-24M-zstp.png\" \/>\n\t<meta property=\"og:image:width\" content=\"800\" \/>\n\t<meta property=\"og:image:height\" content=\"800\" \/>\n\t<meta property=\"og:image:type\" content=\"image\/png\" \/>\n<meta name=\"twitter:card\" content=\"summary_large_image\" \/>\n<meta name=\"twitter:label1\" content=\"Disponibilidad\" \/>\n\t<meta name=\"twitter:data1\" content=\"Disponible\" \/>\n<script type=\"application\/ld+json\" class=\"yoast-schema-graph\">{\"@context\":\"https:\/\/schema.org\",\"@graph\":[{\"@type\":\"WebPage\",\"@id\":\"https:\/\/aositerminals.com\/product\/compact-din-rail-terminal-box-with-1-in-24-out-output-design-hm02-24m\/\",\"url\":\"https:\/\/aositerminals.com\/product\/compact-din-rail-terminal-box-with-1-in-24-out-output-design-hm02-24m\/\",\"name\":\"Compact DIN Rail Terminal Box with 1-In 24-Out Output Design | HM02-24M - AOSI Terminal Blocks &amp; Module Manufacturer | Industrial Connectivity Solutions\",\"isPartOf\":{\"@id\":\"https:\/\/aositerminals.com\/#website\"},\"primaryImageOfPage\":{\"@id\":\"https:\/\/aositerminals.com\/product\/compact-din-rail-terminal-box-with-1-in-24-out-output-design-hm02-24m\/#primaryimage\"},\"image\":{\"@id\":\"https:\/\/aositerminals.com\/product\/compact-din-rail-terminal-box-with-1-in-24-out-output-design-hm02-24m\/#primaryimage\"},\"thumbnailUrl\":\"https:\/\/aositerminals.com\/wp-content\/uploads\/2025\/06\/HM02-24M-zstp.png\",\"datePublished\":\"2025-06-23T08:50:21+00:00\",\"dateModified\":\"2025-09-13T04:08:04+00:00\",\"description\":\"Distribute 24 power lines with ease using this DIN rail terminal box. Buy today for efficient cabinet organization!\",\"breadcrumb\":{\"@id\":\"https:\/\/aositerminals.com\/product\/compact-din-rail-terminal-box-with-1-in-24-out-output-design-hm02-24m\/#breadcrumb\"},\"inLanguage\":\"es\",\"potentialAction\":[{\"@type\":\"ReadAction\",\"target\":[\"https:\/\/aositerminals.com\/product\/compact-din-rail-terminal-box-with-1-in-24-out-output-design-hm02-24m\/\"]}]},{\"@type\":\"ImageObject\",\"inLanguage\":\"es\",\"@id\":\"https:\/\/aositerminals.com\/product\/compact-din-rail-terminal-box-with-1-in-24-out-output-design-hm02-24m\/#primaryimage\",\"url\":\"https:\/\/aositerminals.com\/wp-content\/uploads\/2025\/06\/HM02-24M-zstp.png\",\"contentUrl\":\"https:\/\/aositerminals.com\/wp-content\/uploads\/2025\/06\/HM02-24M-zstp.png\",\"width\":800,\"height\":800},{\"@type\":\"BreadcrumbList\",\"@id\":\"https:\/\/aositerminals.com\/product\/compact-din-rail-terminal-box-with-1-in-24-out-output-design-hm02-24m\/#breadcrumb\",\"itemListElement\":[{\"@type\":\"ListItem\",\"position\":1,\"name\":\"\u9996\u9875\",\"item\":\"https:\/\/aositerminals.com\/\"},{\"@type\":\"ListItem\",\"position\":2,\"name\":\"Products\",\"item\":\"https:\/\/aositerminals.com\/products\/\"},{\"@type\":\"ListItem\",\"position\":3,\"name\":\"Compact DIN Rail Terminal Box with 1-In 24-Out Output Design | HM02-24M\"}]},{\"@type\":\"WebSite\",\"@id\":\"https:\/\/aositerminals.com\/#website\",\"url\":\"https:\/\/aositerminals.com\/\",\"name\":\"Industrial Automation Terminal Blocks\",\"description\":\"Factory-direct pluggable, spring &amp; screw terminal blocks and I\/O \/ relay modules. Fast OEM \/ ODM, global shipping.\",\"publisher\":{\"@id\":\"https:\/\/aositerminals.com\/#organization\"},\"potentialAction\":[{\"@type\":\"SearchAction\",\"target\":{\"@type\":\"EntryPoint\",\"urlTemplate\":\"https:\/\/aositerminals.com\/?s={search_term_string}\"},\"query-input\":{\"@type\":\"PropertyValueSpecification\",\"valueRequired\":true,\"valueName\":\"search_term_string\"}}],\"inLanguage\":\"es\"},{\"@type\":\"Organization\",\"@id\":\"https:\/\/aositerminals.com\/#organization\",\"name\":\"Industrial Automation Terminal Blocks\",\"url\":\"https:\/\/aositerminals.com\/\",\"logo\":{\"@type\":\"ImageObject\",\"inLanguage\":\"es\",\"@id\":\"https:\/\/aositerminals.com\/#\/schema\/logo\/image\/\",\"url\":\"https:\/\/aositerminals.com\/wp-content\/uploads\/2025\/03\/aff0c45cf8d34c8eee2824ecf650eb5.webp\",\"contentUrl\":\"https:\/\/aositerminals.com\/wp-content\/uploads\/2025\/03\/aff0c45cf8d34c8eee2824ecf650eb5.webp\",\"width\":215,\"height\":97,\"caption\":\"Industrial Automation Terminal Blocks\"},\"image\":{\"@id\":\"https:\/\/aositerminals.com\/#\/schema\/logo\/image\/\"}}]}<\/script>\n<meta property=\"og:availability\" content=\"instock\" \/>\n<meta property=\"product:availability\" content=\"instock\" \/>\n<meta property=\"product:condition\" content=\"new\" \/>\n<!-- \/ Yoast SEO Premium plugin. -->","yoast_head_json":{"title":"Caja de bornes compacta para carril DIN con dise\u00f1o de 1 entrada y 24 salidas | HM02-24M - AOSI Terminal Blocks &amp; Module Manufacturer | Industrial Connectivity Solutions","description":"Distribuya 24 l\u00edneas de alimentaci\u00f3n con facilidad utilizando esta caja de bornes para carril DIN. C\u00f3mprela hoy mismo para organizar eficazmente su armario.","robots":{"index":"index","follow":"follow","max-snippet":"max-snippet:-1","max-image-preview":"max-image-preview:large","max-video-preview":"max-video-preview:-1"},"canonical":"https:\/\/aositerminals.com\/es\/producto\/compact-din-rail-terminal-box-with-1-in-24-out-output-design-hm02-24m\/","og_locale":"es_ES","og_type":"article","og_title":"Compact DIN Rail Terminal Box with 1-In 24-Out Output Design | HM02-24M","og_description":"Distribute 24 power lines with ease using this DIN rail terminal box. Buy today for efficient cabinet organization!","og_url":"https:\/\/aositerminals.com\/es\/producto\/compact-din-rail-terminal-box-with-1-in-24-out-output-design-hm02-24m\/","og_site_name":"AOSI Terminal Blocks &amp; Module Manufacturer | Industrial Connectivity Solutions","article_modified_time":"2025-09-13T04:08:04+00:00","og_image":[{"width":800,"height":800,"url":"https:\/\/aositerminals.com\/wp-content\/uploads\/2025\/06\/HM02-24M-zstp.png","type":"image\/png"}],"twitter_card":"summary_large_image","twitter_misc":{"Disponibilidad":"Disponible"},"schema":{"@context":"https:\/\/schema.org","@graph":[{"@type":"WebPage","@id":"https:\/\/aositerminals.com\/product\/compact-din-rail-terminal-box-with-1-in-24-out-output-design-hm02-24m\/","url":"https:\/\/aositerminals.com\/product\/compact-din-rail-terminal-box-with-1-in-24-out-output-design-hm02-24m\/","name":"Caja de bornes compacta para carril DIN con dise\u00f1o de 1 entrada y 24 salidas | HM02-24M - AOSI Terminal Blocks &amp; Module Manufacturer | Industrial Connectivity Solutions","isPartOf":{"@id":"https:\/\/aositerminals.com\/#website"},"primaryImageOfPage":{"@id":"https:\/\/aositerminals.com\/product\/compact-din-rail-terminal-box-with-1-in-24-out-output-design-hm02-24m\/#primaryimage"},"image":{"@id":"https:\/\/aositerminals.com\/product\/compact-din-rail-terminal-box-with-1-in-24-out-output-design-hm02-24m\/#primaryimage"},"thumbnailUrl":"https:\/\/aositerminals.com\/wp-content\/uploads\/2025\/06\/HM02-24M-zstp.png","datePublished":"2025-06-23T08:50:21+00:00","dateModified":"2025-09-13T04:08:04+00:00","description":"Distribuya 24 l\u00edneas de alimentaci\u00f3n con facilidad utilizando esta caja de bornes para carril DIN. C\u00f3mprela hoy mismo para organizar eficazmente su armario.","breadcrumb":{"@id":"https:\/\/aositerminals.com\/product\/compact-din-rail-terminal-box-with-1-in-24-out-output-design-hm02-24m\/#breadcrumb"},"inLanguage":"es","potentialAction":[{"@type":"ReadAction","target":["https:\/\/aositerminals.com\/product\/compact-din-rail-terminal-box-with-1-in-24-out-output-design-hm02-24m\/"]}]},{"@type":"ImageObject","inLanguage":"es","@id":"https:\/\/aositerminals.com\/product\/compact-din-rail-terminal-box-with-1-in-24-out-output-design-hm02-24m\/#primaryimage","url":"https:\/\/aositerminals.com\/wp-content\/uploads\/2025\/06\/HM02-24M-zstp.png","contentUrl":"https:\/\/aositerminals.com\/wp-content\/uploads\/2025\/06\/HM02-24M-zstp.png","width":800,"height":800},{"@type":"BreadcrumbList","@id":"https:\/\/aositerminals.com\/product\/compact-din-rail-terminal-box-with-1-in-24-out-output-design-hm02-24m\/#breadcrumb","itemListElement":[{"@type":"ListItem","position":1,"name":"\u9996\u9875","item":"https:\/\/aositerminals.com\/"},{"@type":"ListItem","position":2,"name":"Products","item":"https:\/\/aositerminals.com\/products\/"},{"@type":"ListItem","position":3,"name":"Compact DIN Rail Terminal Box with 1-In 24-Out Output Design | HM02-24M"}]},{"@type":"WebSite","@id":"https:\/\/aositerminals.com\/#website","url":"https:\/\/aositerminals.com\/","name":"Bloques de terminales de automatizaci\u00f3n industrial","description":"Bloques de terminales enchufables, de muelle y de tornillo y m\u00f3dulos de E\/S y rel\u00e9s directos de f\u00e1brica. OEM \/ ODM r\u00e1pido, env\u00edo global.","publisher":{"@id":"https:\/\/aositerminals.com\/#organization"},"potentialAction":[{"@type":"SearchAction","target":{"@type":"EntryPoint","urlTemplate":"https:\/\/aositerminals.com\/?s={search_term_string}"},"query-input":{"@type":"PropertyValueSpecification","valueRequired":true,"valueName":"search_term_string"}}],"inLanguage":"es"},{"@type":"Organization","@id":"https:\/\/aositerminals.com\/#organization","name":"Bloques de terminales de automatizaci\u00f3n industrial","url":"https:\/\/aositerminals.com\/","logo":{"@type":"ImageObject","inLanguage":"es","@id":"https:\/\/aositerminals.com\/#\/schema\/logo\/image\/","url":"https:\/\/aositerminals.com\/wp-content\/uploads\/2025\/03\/aff0c45cf8d34c8eee2824ecf650eb5.webp","contentUrl":"https:\/\/aositerminals.com\/wp-content\/uploads\/2025\/03\/aff0c45cf8d34c8eee2824ecf650eb5.webp","width":215,"height":97,"caption":"Industrial Automation Terminal Blocks"},"image":{"@id":"https:\/\/aositerminals.com\/#\/schema\/logo\/image\/"}}]},"og_availability":"instock","product_availability":"instock","product_condition":"new"},"_links":{"self":[{"href":"https:\/\/aositerminals.com\/es\/wp-json\/wp\/v2\/product\/29750","targetHints":{"allow":["GET"]}}],"collection":[{"href":"https:\/\/aositerminals.com\/es\/wp-json\/wp\/v2\/product"}],"about":[{"href":"https:\/\/aositerminals.com\/es\/wp-json\/wp\/v2\/types\/product"}],"version-history":[{"count":0,"href":"https:\/\/aositerminals.com\/es\/wp-json\/wp\/v2\/product\/29750\/revisions"}],"wp:featuredmedia":[{"embeddable":true,"href":"https:\/\/aositerminals.com\/es\/wp-json\/wp\/v2\/media\/29760"}],"wp:attachment":[{"href":"https:\/\/aositerminals.com\/es\/wp-json\/wp\/v2\/media?parent=29750"}],"wp:term":[{"taxonomy":"product_brand","embeddable":true,"href":"https:\/\/aositerminals.com\/es\/wp-json\/wp\/v2\/product_brand?post=29750"},{"taxonomy":"product_cat","embeddable":true,"href":"https:\/\/aositerminals.com\/es\/wp-json\/wp\/v2\/product_cat?post=29750"},{"taxonomy":"product_tag","embeddable":true,"href":"https:\/\/aositerminals.com\/es\/wp-json\/wp\/v2\/product_tag?post=29750"}],"curies":[{"name":"wp","href":"https:\/\/api.w.org\/{rel}","templated":true}]}}