{"id":3,"date":"2025-02-08T14:10:21","date_gmt":"2025-02-08T06:10:21","guid":{"rendered":"http:\/\/aositerminals.com\/?page_id=3"},"modified":"2025-04-02T17:09:24","modified_gmt":"2025-04-02T09:09:24","slug":"privacy-policy","status":"publish","type":"page","link":"https:\/\/aositerminals.com\/fr\/privacy-policy\/","title":{"rendered":"Vie priv\u00e9e"},"content":{"rendered":"<div data-elementor-type=\"wp-page\" data-elementor-id=\"3\" class=\"elementor elementor-3\" data-elementor-post-type=\"page\">\n\t\t\t\t<div class=\"elementor-element elementor-element-58017c45 e-flex e-con-boxed e-con e-parent\" data-id=\"58017c45\" data-element_type=\"container\">\n\t\t\t\t\t<div class=\"e-con-inner\">\n\t\t\t\t<div class=\"elementor-element elementor-element-415f96d elementor-widget elementor-widget-heading\" data-id=\"415f96d\" data-element_type=\"widget\" data-widget_type=\"heading.default\">\n\t\t\t\t<div class=\"elementor-widget-container\">\n\t\t\t\t\t<h1 class=\"elementor-heading-title elementor-size-default\">Politique de confidentialit\u00e9<\/h1>\t\t\t\t<\/div>\n\t\t\t\t<\/div>\n\t\t\t\t<div class=\"elementor-element elementor-element-4d4c7193 elementor-widget elementor-widget-text-editor\" data-id=\"4d4c7193\" data-element_type=\"widget\" data-widget_type=\"text-editor.default\">\n\t\t\t\t<div class=\"elementor-widget-container\">\n\t\t\t\t\t\t\t\t\t<div class=\"elementor-element elementor-element-b724de4 elementor-widget elementor-widget-text-editor\" data-id=\"b724de4\" data-element_type=\"widget\" data-widget_type=\"text-editor.default\"><div class=\"elementor-widget-container\"><p>Chez AOSI Electronic, nous nous engageons \u00e0 prot\u00e9ger votre vie priv\u00e9e et \u00e0 garantir la s\u00e9curit\u00e9 des informations que vous nous fournissez. La pr\u00e9sente politique de confidentialit\u00e9 d\u00e9crit nos pratiques concernant la collecte, l'utilisation, la protection et la divulgation de vos informations par le biais de <span style=\"color: #cc3700;\"><a style=\"color: #cc3700;\" href=\"https:\/\/www.firstmold.com\/\">https:\/\/www.aositerminals.com<\/a>\u00a0<\/span> (ci-apr\u00e8s d\u00e9nomm\u00e9 \"le site\").<\/p><\/div><\/div><div class=\"elementor-element elementor-element-dd27927 elementor-widget elementor-widget-heading\" data-id=\"dd27927\" data-element_type=\"widget\" data-widget_type=\"heading.default\"><div class=\"elementor-widget-container\"><h3 class=\"elementor-heading-title elementor-size-default\">Consentement et collecte d'informations<\/h3><\/div><\/div><div class=\"elementor-element elementor-element-40e8569 elementor-widget elementor-widget-text-editor\" data-id=\"40e8569\" data-element_type=\"widget\" data-widget_type=\"text-editor.default\"><div class=\"elementor-widget-container\"><p>En utilisant notre site, vous consentez \u00e0 la collecte et \u00e0 l'utilisation d'informations conform\u00e9ment \u00e0 la pr\u00e9sente politique. Nous recueillons diff\u00e9rents types d'informations, y compris, mais sans s'y limiter, des informations d'identification personnelle (nom, adresse \u00e9lectronique, num\u00e9ro de t\u00e9l\u00e9phone), des donn\u00e9es d'utilisation et des cookies.<\/p><\/div><\/div><div class=\"elementor-element elementor-element-b826b5a elementor-widget elementor-widget-heading\" data-id=\"b826b5a\" data-element_type=\"widget\" data-widget_type=\"heading.default\"><div class=\"elementor-widget-container\"><h3 class=\"elementor-heading-title elementor-size-default\">Utilisation des informations<\/h3><\/div><\/div><div class=\"elementor-element elementor-element-55a07c5 elementor-widget elementor-widget-text-editor\" data-id=\"55a07c5\" data-element_type=\"widget\" data-widget_type=\"text-editor.default\"><div class=\"elementor-widget-container\"><p>Les informations que nous recueillons sont utilis\u00e9es pour am\u00e9liorer notre site, nos services et la communication avec nos clients. Elles peuvent \u00eatre utilis\u00e9es pour r\u00e9pondre \u00e0 des demandes, fournir une assistance ou envoyer des mises \u00e0 jour sur nos services.<\/p><\/div><\/div><div class=\"elementor-element elementor-element-244c530 elementor-widget elementor-widget-heading\" data-id=\"244c530\" data-element_type=\"widget\" data-widget_type=\"heading.default\"><div class=\"elementor-widget-container\"><h3 class=\"elementor-heading-title elementor-size-default\">Protection des donn\u00e9es et confidentialit\u00e9<\/h3><\/div><\/div><div class=\"elementor-element elementor-element-71de274 elementor-widget elementor-widget-text-editor\" data-id=\"71de274\" data-element_type=\"widget\" data-widget_type=\"text-editor.default\"><div class=\"elementor-widget-container\"><p>Nous mettons en \u0153uvre une s\u00e9rie de mesures de s\u00e9curit\u00e9 pour pr\u00e9server la s\u00e9curit\u00e9 de vos informations personnelles. Nos mesures sont con\u00e7ues pour prot\u00e9ger contre l'acc\u00e8s non autoris\u00e9, l'alt\u00e9ration, la divulgation ou la destruction de vos donn\u00e9es personnelles.<\/p><\/div><\/div><div class=\"elementor-element elementor-element-60a95bc elementor-widget elementor-widget-heading\" data-id=\"60a95bc\" data-element_type=\"widget\" data-widget_type=\"heading.default\"><div class=\"elementor-widget-container\"><h3 class=\"elementor-heading-title elementor-size-default\">Traitement du contenu et des images propri\u00e9taires<\/h3><\/div><\/div><div class=\"elementor-element elementor-element-7116db5 elementor-widget elementor-widget-text-editor\" data-id=\"7116db5\" data-element_type=\"widget\" data-widget_type=\"text-editor.default\"><div class=\"elementor-widget-container\"><p>Consentement du client : Nous ne publions des photos et des \u00e9tudes de cas sur notre site qu'apr\u00e8s avoir re\u00e7u le consentement explicite de nos clients. Tout le contenu est soigneusement examin\u00e9 afin de garantir la conformit\u00e9 avec nos accords de confidentialit\u00e9.<\/p><\/div><\/div><div class=\"elementor-element elementor-element-f7f7003 elementor-widget elementor-widget-text-editor\" data-id=\"f7f7003\" data-element_type=\"widget\" data-widget_type=\"text-editor.default\"><div class=\"elementor-widget-container\"><p>Consid\u00e9rations relatives \u00e0 la protection de la vie priv\u00e9e : Pour mieux prot\u00e9ger la confidentialit\u00e9 de nos clients, nous appliquons un traitement en mosa\u00efque \u00e0 toutes les informations relatives au nom du client pr\u00e9sentes sur les produits pr\u00e9sent\u00e9s dans nos images. Cela permet de prot\u00e9ger l'identit\u00e9 des clients.<\/p><\/div><\/div><div class=\"elementor-element elementor-element-61978ad elementor-widget elementor-widget-text-editor\" data-id=\"61978ad\" data-element_type=\"widget\" data-widget_type=\"text-editor.default\"><div class=\"elementor-widget-container\"><p>L'apparence du produit : Nos images pr\u00e9sentent principalement l'apparence du produit. Nous \u00e9vitons soigneusement d'afficher des conceptions ou des caract\u00e9ristiques sp\u00e9cifiques qui pourraient r\u00e9v\u00e9ler des informations exclusives ou sensibles, en adh\u00e9rant au principe de minimisation de la divulgation.<\/p><\/div><\/div><div class=\"elementor-element elementor-element-a8f7b36 elementor-widget elementor-widget-heading\" data-id=\"a8f7b36\" data-element_type=\"widget\" data-widget_type=\"heading.default\"><div class=\"elementor-widget-container\"><h3 class=\"elementor-heading-title elementor-size-default\">Propri\u00e9t\u00e9 intellectuelle<\/h3><\/div><\/div><div class=\"elementor-element elementor-element-11344c9 elementor-widget elementor-widget-text-editor\" data-id=\"11344c9\" data-element_type=\"widget\" data-widget_type=\"text-editor.default\"><div class=\"elementor-widget-container\"><p>Le contenu affich\u00e9 sur notre site, y compris les images des produits, est prot\u00e9g\u00e9 par les lois sur la propri\u00e9t\u00e9 intellectuelle et ne doit pas \u00eatre reproduit ou diffus\u00e9 sans notre autorisation expresse.<\/p><\/div><\/div><div class=\"elementor-element elementor-element-58ce37a elementor-widget elementor-widget-heading\" data-id=\"58ce37a\" data-element_type=\"widget\" data-widget_type=\"heading.default\"><div class=\"elementor-widget-container\"><h3 class=\"elementor-heading-title elementor-size-default\">Modifications de notre politique de confidentialit\u00e9<\/h3><\/div><\/div><div class=\"elementor-element elementor-element-8d15fd7 elementor-widget elementor-widget-text-editor\" data-id=\"8d15fd7\" data-element_type=\"widget\" data-widget_type=\"text-editor.default\"><div class=\"elementor-widget-container\"><p>FirstMold se r\u00e9serve le droit de mettre \u00e0 jour ou de modifier sa politique de confidentialit\u00e9 \u00e0 tout moment. Nous vous informerons de toute modification en publiant la nouvelle politique de confidentialit\u00e9 sur cette page. Nous vous conseillons de consulter r\u00e9guli\u00e8rement cette politique de confidentialit\u00e9 pour prendre connaissance des \u00e9ventuelles modifications.<\/p><\/div><\/div><div class=\"elementor-element elementor-element-8299b56 elementor-widget elementor-widget-heading\" data-id=\"8299b56\" data-element_type=\"widget\" data-widget_type=\"heading.default\"><div class=\"elementor-widget-container\"><h3 class=\"elementor-heading-title elementor-size-default\">Nous contacter<\/h3><\/div><\/div><div class=\"elementor-element elementor-element-d71ee8e elementor-widget elementor-widget-text-editor\" data-id=\"d71ee8e\" data-element_type=\"widget\" data-widget_type=\"text-editor.default\"><div class=\"elementor-widget-container\"><p>Si vous avez des questions ou des suggestions concernant notre politique de protection de la vie priv\u00e9e, n'h\u00e9sitez pas \u00e0 nous contacter \u00e0 l'adresse suivante <a href=\"mailto:sales@aosigd.com\"><span style=\"color: #cc3700;\">sales@aosigd.com<\/span><\/a>.<\/p><\/div><\/div>\t\t\t\t\t\t\t\t<\/div>\n\t\t\t\t<\/div>\n\t\t\t\t\t<\/div>\n\t\t\t\t<\/div>\n\t\t\t\t<\/div>","protected":false},"excerpt":{"rendered":"Privacy Policy At AOSI Electronic, we are committed to protecting your privacy and ensuring the security of information you provide to us. This Privacy Policy outlines our practices regarding the collection, use, protection, and disclosure of your information through https:\/\/www.aositerminals.com\u00a0 (hereinafter referred to as the \u201cSite\u201d).Consent and Information CollectionBy using our Site, you consent to [&hellip;]","protected":false},"author":1,"featured_media":0,"parent":0,"menu_order":0,"comment_status":"closed","ping_status":"closed","template":"","meta":{"_acf_changed":false,"footnotes":""},"class_list":["post-3","page","type-page","status-publish","hentry"],"acf":[],"yoast_head":"<!-- This site is optimized with the Yoast SEO Premium plugin v24.7 (Yoast SEO v24.7) - https:\/\/yoast.com\/wordpress\/plugins\/seo\/ -->\n<title>Privacy - AOSI Terminal Blocks &amp; Module Manufacturer | Industrial Connectivity Solutions<\/title>\n<meta name=\"robots\" content=\"index, follow, max-snippet:-1, max-image-preview:large, max-video-preview:-1\" \/>\n<link rel=\"canonical\" href=\"https:\/\/aositerminals.com\/fr\/privacy-policy\/\" \/>\n<meta property=\"og:locale\" content=\"fr_FR\" \/>\n<meta property=\"og:type\" content=\"article\" \/>\n<meta property=\"og:title\" content=\"Privacy\" \/>\n<meta property=\"og:description\" content=\"Privacy Policy At AOSI Electronic, we are committed to protecting your privacy and ensuring the security of information you provide to us. This Privacy Policy outlines our practices regarding the collection, use, protection, and disclosure of your information through https:\/\/www.aositerminals.com\u00a0 (hereinafter referred to as the \u201cSite\u201d).Consent and Information CollectionBy using our Site, you consent to [&hellip;]\" \/>\n<meta property=\"og:url\" content=\"https:\/\/aositerminals.com\/fr\/privacy-policy\/\" \/>\n<meta property=\"og:site_name\" content=\"AOSI Terminal Blocks &amp; Module Manufacturer | Industrial Connectivity Solutions\" \/>\n<meta property=\"article:modified_time\" content=\"2025-04-02T09:09:24+00:00\" \/>\n<meta name=\"twitter:card\" content=\"summary_large_image\" \/>\n<meta name=\"twitter:label1\" content=\"Dur\u00e9e de lecture estim\u00e9e\" \/>\n\t<meta name=\"twitter:data1\" content=\"4 minutes\" \/>\n<script type=\"application\/ld+json\" class=\"yoast-schema-graph\">{\"@context\":\"https:\/\/schema.org\",\"@graph\":[{\"@type\":\"WebPage\",\"@id\":\"https:\/\/aositerminals.com\/privacy-policy\/\",\"url\":\"https:\/\/aositerminals.com\/privacy-policy\/\",\"name\":\"Privacy - AOSI Terminal Blocks &amp; Module Manufacturer | Industrial Connectivity Solutions\",\"isPartOf\":{\"@id\":\"https:\/\/aositerminals.com\/#website\"},\"datePublished\":\"2025-02-08T06:10:21+00:00\",\"dateModified\":\"2025-04-02T09:09:24+00:00\",\"breadcrumb\":{\"@id\":\"https:\/\/aositerminals.com\/privacy-policy\/#breadcrumb\"},\"inLanguage\":\"fr-FR\",\"potentialAction\":[{\"@type\":\"ReadAction\",\"target\":[\"https:\/\/aositerminals.com\/privacy-policy\/\"]}]},{\"@type\":\"BreadcrumbList\",\"@id\":\"https:\/\/aositerminals.com\/privacy-policy\/#breadcrumb\",\"itemListElement\":[{\"@type\":\"ListItem\",\"position\":1,\"name\":\"\u9996\u9875\",\"item\":\"https:\/\/aositerminals.com\/\"},{\"@type\":\"ListItem\",\"position\":2,\"name\":\"Privacy\"}]},{\"@type\":\"WebSite\",\"@id\":\"https:\/\/aositerminals.com\/#website\",\"url\":\"https:\/\/aositerminals.com\/\",\"name\":\"Industrial Automation Terminal Blocks\",\"description\":\"Factory-direct pluggable, spring &amp; screw terminal blocks and I\/O \/ relay modules. Fast OEM \/ ODM, global shipping.\",\"publisher\":{\"@id\":\"https:\/\/aositerminals.com\/#organization\"},\"potentialAction\":[{\"@type\":\"SearchAction\",\"target\":{\"@type\":\"EntryPoint\",\"urlTemplate\":\"https:\/\/aositerminals.com\/?s={search_term_string}\"},\"query-input\":{\"@type\":\"PropertyValueSpecification\",\"valueRequired\":true,\"valueName\":\"search_term_string\"}}],\"inLanguage\":\"fr-FR\"},{\"@type\":\"Organization\",\"@id\":\"https:\/\/aositerminals.com\/#organization\",\"name\":\"Industrial Automation Terminal Blocks\",\"url\":\"https:\/\/aositerminals.com\/\",\"logo\":{\"@type\":\"ImageObject\",\"inLanguage\":\"fr-FR\",\"@id\":\"https:\/\/aositerminals.com\/#\/schema\/logo\/image\/\",\"url\":\"https:\/\/aositerminals.com\/wp-content\/uploads\/2025\/03\/aff0c45cf8d34c8eee2824ecf650eb5.webp\",\"contentUrl\":\"https:\/\/aositerminals.com\/wp-content\/uploads\/2025\/03\/aff0c45cf8d34c8eee2824ecf650eb5.webp\",\"width\":215,\"height\":97,\"caption\":\"Industrial Automation Terminal Blocks\"},\"image\":{\"@id\":\"https:\/\/aositerminals.com\/#\/schema\/logo\/image\/\"}}]}<\/script>\n<!-- \/ Yoast SEO Premium plugin. -->","yoast_head_json":{"title":"Confidentialit\u00e9 - AOSI Terminal Blocks &amp; Module Manufacturer | Industrial Connectivity Solutions","robots":{"index":"index","follow":"follow","max-snippet":"max-snippet:-1","max-image-preview":"max-image-preview:large","max-video-preview":"max-video-preview:-1"},"canonical":"https:\/\/aositerminals.com\/fr\/privacy-policy\/","og_locale":"fr_FR","og_type":"article","og_title":"Privacy","og_description":"Privacy Policy At AOSI Electronic, we are committed to protecting your privacy and ensuring the security of information you provide to us. This Privacy Policy outlines our practices regarding the collection, use, protection, and disclosure of your information through https:\/\/www.aositerminals.com\u00a0 (hereinafter referred to as the \u201cSite\u201d).Consent and Information CollectionBy using our Site, you consent to [&hellip;]","og_url":"https:\/\/aositerminals.com\/fr\/privacy-policy\/","og_site_name":"AOSI Terminal Blocks &amp; Module Manufacturer | Industrial Connectivity Solutions","article_modified_time":"2025-04-02T09:09:24+00:00","twitter_card":"summary_large_image","twitter_misc":{"Dur\u00e9e de lecture estim\u00e9e":"4 minutes"},"schema":{"@context":"https:\/\/schema.org","@graph":[{"@type":"WebPage","@id":"https:\/\/aositerminals.com\/privacy-policy\/","url":"https:\/\/aositerminals.com\/privacy-policy\/","name":"Confidentialit\u00e9 - AOSI Terminal Blocks &amp; Module Manufacturer | Industrial Connectivity Solutions","isPartOf":{"@id":"https:\/\/aositerminals.com\/#website"},"datePublished":"2025-02-08T06:10:21+00:00","dateModified":"2025-04-02T09:09:24+00:00","breadcrumb":{"@id":"https:\/\/aositerminals.com\/privacy-policy\/#breadcrumb"},"inLanguage":"fr-FR","potentialAction":[{"@type":"ReadAction","target":["https:\/\/aositerminals.com\/privacy-policy\/"]}]},{"@type":"BreadcrumbList","@id":"https:\/\/aositerminals.com\/privacy-policy\/#breadcrumb","itemListElement":[{"@type":"ListItem","position":1,"name":"\u9996\u9875","item":"https:\/\/aositerminals.com\/"},{"@type":"ListItem","position":2,"name":"Privacy"}]},{"@type":"WebSite","@id":"https:\/\/aositerminals.com\/#website","url":"https:\/\/aositerminals.com\/","name":"Bornes d'automatisation industrielle","description":"Blocs de bornes enfichables, \u00e0 ressort et \u00e0 vis et modules d'E\/S\/de relais. OEM \/ ODM rapide, exp\u00e9dition mondiale.","publisher":{"@id":"https:\/\/aositerminals.com\/#organization"},"potentialAction":[{"@type":"SearchAction","target":{"@type":"EntryPoint","urlTemplate":"https:\/\/aositerminals.com\/?s={search_term_string}"},"query-input":{"@type":"PropertyValueSpecification","valueRequired":true,"valueName":"search_term_string"}}],"inLanguage":"fr-FR"},{"@type":"Organization","@id":"https:\/\/aositerminals.com\/#organization","name":"Bornes d'automatisation industrielle","url":"https:\/\/aositerminals.com\/","logo":{"@type":"ImageObject","inLanguage":"fr-FR","@id":"https:\/\/aositerminals.com\/#\/schema\/logo\/image\/","url":"https:\/\/aositerminals.com\/wp-content\/uploads\/2025\/03\/aff0c45cf8d34c8eee2824ecf650eb5.webp","contentUrl":"https:\/\/aositerminals.com\/wp-content\/uploads\/2025\/03\/aff0c45cf8d34c8eee2824ecf650eb5.webp","width":215,"height":97,"caption":"Industrial Automation Terminal Blocks"},"image":{"@id":"https:\/\/aositerminals.com\/#\/schema\/logo\/image\/"}}]}},"_links":{"self":[{"href":"https:\/\/aositerminals.com\/fr\/wp-json\/wp\/v2\/pages\/3","targetHints":{"allow":["GET"]}}],"collection":[{"href":"https:\/\/aositerminals.com\/fr\/wp-json\/wp\/v2\/pages"}],"about":[{"href":"https:\/\/aositerminals.com\/fr\/wp-json\/wp\/v2\/types\/page"}],"author":[{"embeddable":true,"href":"https:\/\/aositerminals.com\/fr\/wp-json\/wp\/v2\/users\/1"}],"replies":[{"embeddable":true,"href":"https:\/\/aositerminals.com\/fr\/wp-json\/wp\/v2\/comments?post=3"}],"version-history":[{"count":0,"href":"https:\/\/aositerminals.com\/fr\/wp-json\/wp\/v2\/pages\/3\/revisions"}],"wp:attachment":[{"href":"https:\/\/aositerminals.com\/fr\/wp-json\/wp\/v2\/media?parent=3"}],"curies":[{"name":"wp","href":"https:\/\/api.w.org\/{rel}","templated":true}]}}