{"id":25930,"date":"2025-05-22T18:21:50","date_gmt":"2025-05-22T10:21:50","guid":{"rendered":"https:\/\/aositerminals.com\/?post_type=product&#038;p=25930"},"modified":"2025-09-13T12:08:49","modified_gmt":"2025-09-13T04:08:49","slug":"locking-lever-plug-in-block-fpc2-5-xx-500-22m","status":"publish","type":"product","link":"https:\/\/aositerminals.com\/fr\/product\/locking-lever-plug-in-block-fpc2-5-xx-500-22m\/","title":{"rendered":"Bloc enfichable \u00e0 levier de verrouillage | Entretien rapide du c\u00e2blage | FPC2.5-XX-500-22M"},"content":{"rendered":"","protected":false},"excerpt":{"rendered":"<h2>Bloc enfichable \u00e0 levier de verrouillage C\u00e2blage rapide Entretien<\/h2>","protected":false},"featured_media":25975,"template":"","meta":{"_acf_changed":false},"product_brand":[],"product_cat":[68],"product_tag":[],"class_list":{"0":"post-25930","1":"product","2":"type-product","3":"status-publish","4":"has-post-thumbnail","6":"product_cat-mcs-terminal-block-connector","7":"pa_pitch-5-00mm","9":"first","10":"instock","11":"shipping-taxable","12":"purchasable","13":"product-type-variable","14":"has-default-attributes"},"acf":[],"yoast_head":"<!-- This site is optimized with the Yoast SEO Premium plugin v24.7 (Yoast SEO v24.7) - https:\/\/yoast.com\/wordpress\/plugins\/seo\/ -->\n<title>Locking-lever Plug-in Block | Quick Wiring Maintenance | FPC2.5-XX-500-22M - AOSI Terminal Blocks &amp; Module Manufacturer | Industrial Connectivity Solutions<\/title>\n<meta name=\"description\" content=\"Locking lever ensures tool-free secure wiring, simplifies maintenance. Ask us for OEM solutions!\" \/>\n<meta name=\"robots\" content=\"index, follow, max-snippet:-1, max-image-preview:large, max-video-preview:-1\" \/>\n<link rel=\"canonical\" href=\"https:\/\/aositerminals.com\/fr\/product\/locking-lever-plug-in-block-fpc2-5-xx-500-22m\/\" \/>\n<meta property=\"og:locale\" content=\"fr_FR\" \/>\n<meta property=\"og:type\" content=\"article\" \/>\n<meta property=\"og:title\" content=\"Locking-lever Plug-in Block | Quick Wiring Maintenance | FPC2.5-XX-500-22M\" \/>\n<meta property=\"og:description\" content=\"Locking lever ensures tool-free secure wiring, simplifies maintenance. Ask us for OEM solutions!\" \/>\n<meta property=\"og:url\" content=\"https:\/\/aositerminals.com\/fr\/product\/locking-lever-plug-in-block-fpc2-5-xx-500-22m\/\" \/>\n<meta property=\"og:site_name\" content=\"AOSI Terminal Blocks &amp; Module Manufacturer | Industrial Connectivity Solutions\" \/>\n<meta property=\"article:modified_time\" content=\"2025-09-13T04:08:49+00:00\" \/>\n<meta property=\"og:image\" content=\"https:\/\/aositerminals.com\/wp-content\/uploads\/2025\/05\/2024-5-31-11-45-10.jpg\" \/>\n\t<meta property=\"og:image:width\" content=\"800\" \/>\n\t<meta property=\"og:image:height\" content=\"800\" \/>\n\t<meta property=\"og:image:type\" content=\"image\/jpeg\" \/>\n<meta name=\"twitter:card\" content=\"summary_large_image\" \/>\n<meta name=\"twitter:label1\" content=\"Disponibilit\u00e9\" \/>\n\t<meta name=\"twitter:data1\" content=\"En stock\" \/>\n<script type=\"application\/ld+json\" class=\"yoast-schema-graph\">{\"@context\":\"https:\/\/schema.org\",\"@graph\":[{\"@type\":\"WebPage\",\"@id\":\"https:\/\/aositerminals.com\/ja\/product\/locking-lever-plug-in-block-fpc2-5-xx-500-22m\/\",\"url\":\"https:\/\/aositerminals.com\/ja\/product\/locking-lever-plug-in-block-fpc2-5-xx-500-22m\/\",\"name\":\"Locking-lever Plug-in Block | Quick Wiring Maintenance | FPC2.5-XX-500-22M - AOSI Terminal Blocks &amp; Module Manufacturer | Industrial Connectivity Solutions\",\"isPartOf\":{\"@id\":\"https:\/\/aositerminals.com\/ru\/#website\"},\"primaryImageOfPage\":{\"@id\":\"https:\/\/aositerminals.com\/ja\/product\/locking-lever-plug-in-block-fpc2-5-xx-500-22m\/#primaryimage\"},\"image\":{\"@id\":\"https:\/\/aositerminals.com\/ja\/product\/locking-lever-plug-in-block-fpc2-5-xx-500-22m\/#primaryimage\"},\"thumbnailUrl\":\"https:\/\/aositerminals.com\/wp-content\/uploads\/2025\/05\/2024-5-31-11-45-10.jpg\",\"datePublished\":\"2025-05-22T10:21:50+00:00\",\"dateModified\":\"2025-09-13T04:08:49+00:00\",\"description\":\"Locking lever ensures tool-free secure wiring, simplifies maintenance. Ask us for OEM solutions!\",\"breadcrumb\":{\"@id\":\"https:\/\/aositerminals.com\/ja\/product\/locking-lever-plug-in-block-fpc2-5-xx-500-22m\/#breadcrumb\"},\"inLanguage\":\"fr-FR\",\"potentialAction\":[{\"@type\":\"ReadAction\",\"target\":[\"https:\/\/aositerminals.com\/ja\/product\/locking-lever-plug-in-block-fpc2-5-xx-500-22m\/\"]}]},{\"@type\":\"ImageObject\",\"inLanguage\":\"fr-FR\",\"@id\":\"https:\/\/aositerminals.com\/ja\/product\/locking-lever-plug-in-block-fpc2-5-xx-500-22m\/#primaryimage\",\"url\":\"https:\/\/aositerminals.com\/wp-content\/uploads\/2025\/05\/2024-5-31-11-45-10.jpg\",\"contentUrl\":\"https:\/\/aositerminals.com\/wp-content\/uploads\/2025\/05\/2024-5-31-11-45-10.jpg\",\"width\":800,\"height\":800},{\"@type\":\"BreadcrumbList\",\"@id\":\"https:\/\/aositerminals.com\/ja\/product\/locking-lever-plug-in-block-fpc2-5-xx-500-22m\/#breadcrumb\",\"itemListElement\":[{\"@type\":\"ListItem\",\"position\":1,\"name\":\"\u9996\u9875\",\"item\":\"https:\/\/aositerminals.com\/ru\/\"},{\"@type\":\"ListItem\",\"position\":2,\"name\":\"Products\",\"item\":\"https:\/\/aositerminals.com\/ru\/products\/\"},{\"@type\":\"ListItem\",\"position\":3,\"name\":\"Locking-lever Plug-in Block | Quick Wiring Maintenance | FPC2.5-XX-500-22M\"}]},{\"@type\":\"WebSite\",\"@id\":\"https:\/\/aositerminals.com\/ru\/#website\",\"url\":\"https:\/\/aositerminals.com\/ru\/\",\"name\":\"Industrial Automation Terminal Blocks\",\"description\":\"Factory-direct pluggable, spring &amp; screw terminal blocks and I\/O \/ relay modules. Fast OEM \/ ODM, global shipping.\",\"publisher\":{\"@id\":\"https:\/\/aositerminals.com\/ru\/#organization\"},\"potentialAction\":[{\"@type\":\"SearchAction\",\"target\":{\"@type\":\"EntryPoint\",\"urlTemplate\":\"https:\/\/aositerminals.com\/ru\/?s={search_term_string}\"},\"query-input\":{\"@type\":\"PropertyValueSpecification\",\"valueRequired\":true,\"valueName\":\"search_term_string\"}}],\"inLanguage\":\"fr-FR\"},{\"@type\":\"Organization\",\"@id\":\"https:\/\/aositerminals.com\/ru\/#organization\",\"name\":\"Industrial Automation Terminal Blocks\",\"url\":\"https:\/\/aositerminals.com\/ru\/\",\"logo\":{\"@type\":\"ImageObject\",\"inLanguage\":\"fr-FR\",\"@id\":\"https:\/\/aositerminals.com\/ru\/#\/schema\/logo\/image\/\",\"url\":\"https:\/\/aositerminals.com\/wp-content\/uploads\/2025\/03\/aff0c45cf8d34c8eee2824ecf650eb5.webp\",\"contentUrl\":\"https:\/\/aositerminals.com\/wp-content\/uploads\/2025\/03\/aff0c45cf8d34c8eee2824ecf650eb5.webp\",\"width\":215,\"height\":97,\"caption\":\"Industrial Automation Terminal Blocks\"},\"image\":{\"@id\":\"https:\/\/aositerminals.com\/ru\/#\/schema\/logo\/image\/\"}}]}<\/script>\n<meta property=\"og:availability\" content=\"instock\" \/>\n<meta property=\"product:availability\" content=\"instock\" \/>\n<meta property=\"product:condition\" content=\"new\" \/>\n<!-- \/ Yoast SEO Premium plugin. -->","yoast_head_json":{"title":"Bloc enfichable \u00e0 levier de verrouillage | Entretien rapide du c\u00e2blage | FPC2.5-XX-500-22M - AOSI - Fabricant de blocs de jonction et de modules | Solutions de connectivit\u00e9 industrielle","description":"Le levier de verrouillage assure un c\u00e2blage s\u00e9curis\u00e9 sans outil, ce qui simplifie la maintenance. Demandez-nous des solutions OEM !","robots":{"index":"index","follow":"follow","max-snippet":"max-snippet:-1","max-image-preview":"max-image-preview:large","max-video-preview":"max-video-preview:-1"},"canonical":"https:\/\/aositerminals.com\/fr\/product\/locking-lever-plug-in-block-fpc2-5-xx-500-22m\/","og_locale":"fr_FR","og_type":"article","og_title":"Locking-lever Plug-in Block | Quick Wiring Maintenance | FPC2.5-XX-500-22M","og_description":"Locking lever ensures tool-free secure wiring, simplifies maintenance. Ask us for OEM solutions!","og_url":"https:\/\/aositerminals.com\/fr\/product\/locking-lever-plug-in-block-fpc2-5-xx-500-22m\/","og_site_name":"AOSI Terminal Blocks &amp; Module Manufacturer | Industrial Connectivity Solutions","article_modified_time":"2025-09-13T04:08:49+00:00","og_image":[{"width":800,"height":800,"url":"https:\/\/aositerminals.com\/wp-content\/uploads\/2025\/05\/2024-5-31-11-45-10.jpg","type":"image\/jpeg"}],"twitter_card":"summary_large_image","twitter_misc":{"Disponibilit\u00e9":"En stock"},"schema":{"@context":"https:\/\/schema.org","@graph":[{"@type":"WebPage","@id":"https:\/\/aositerminals.com\/ja\/product\/locking-lever-plug-in-block-fpc2-5-xx-500-22m\/","url":"https:\/\/aositerminals.com\/ja\/product\/locking-lever-plug-in-block-fpc2-5-xx-500-22m\/","name":"Bloc enfichable \u00e0 levier de verrouillage | Entretien rapide du c\u00e2blage | FPC2.5-XX-500-22M - AOSI - Fabricant de blocs de jonction et de modules | Solutions de connectivit\u00e9 industrielle","isPartOf":{"@id":"https:\/\/aositerminals.com\/ru\/#website"},"primaryImageOfPage":{"@id":"https:\/\/aositerminals.com\/ja\/product\/locking-lever-plug-in-block-fpc2-5-xx-500-22m\/#primaryimage"},"image":{"@id":"https:\/\/aositerminals.com\/ja\/product\/locking-lever-plug-in-block-fpc2-5-xx-500-22m\/#primaryimage"},"thumbnailUrl":"https:\/\/aositerminals.com\/wp-content\/uploads\/2025\/05\/2024-5-31-11-45-10.jpg","datePublished":"2025-05-22T10:21:50+00:00","dateModified":"2025-09-13T04:08:49+00:00","description":"Le levier de verrouillage assure un c\u00e2blage s\u00e9curis\u00e9 sans outil, ce qui simplifie la maintenance. Demandez-nous des solutions OEM !","breadcrumb":{"@id":"https:\/\/aositerminals.com\/ja\/product\/locking-lever-plug-in-block-fpc2-5-xx-500-22m\/#breadcrumb"},"inLanguage":"fr-FR","potentialAction":[{"@type":"ReadAction","target":["https:\/\/aositerminals.com\/ja\/product\/locking-lever-plug-in-block-fpc2-5-xx-500-22m\/"]}]},{"@type":"ImageObject","inLanguage":"fr-FR","@id":"https:\/\/aositerminals.com\/ja\/product\/locking-lever-plug-in-block-fpc2-5-xx-500-22m\/#primaryimage","url":"https:\/\/aositerminals.com\/wp-content\/uploads\/2025\/05\/2024-5-31-11-45-10.jpg","contentUrl":"https:\/\/aositerminals.com\/wp-content\/uploads\/2025\/05\/2024-5-31-11-45-10.jpg","width":800,"height":800},{"@type":"BreadcrumbList","@id":"https:\/\/aositerminals.com\/ja\/product\/locking-lever-plug-in-block-fpc2-5-xx-500-22m\/#breadcrumb","itemListElement":[{"@type":"ListItem","position":1,"name":"\u9996\u9875","item":"https:\/\/aositerminals.com\/ru\/"},{"@type":"ListItem","position":2,"name":"Products","item":"https:\/\/aositerminals.com\/ru\/products\/"},{"@type":"ListItem","position":3,"name":"Locking-lever Plug-in Block | Quick Wiring Maintenance | FPC2.5-XX-500-22M"}]},{"@type":"WebSite","@id":"https:\/\/aositerminals.com\/ru\/#website","url":"https:\/\/aositerminals.com\/ru\/","name":"Bornes d'automatisation industrielle","description":"Blocs de bornes enfichables, \u00e0 ressort et \u00e0 vis et modules d'E\/S\/de relais. OEM \/ ODM rapide, exp\u00e9dition mondiale.","publisher":{"@id":"https:\/\/aositerminals.com\/ru\/#organization"},"potentialAction":[{"@type":"SearchAction","target":{"@type":"EntryPoint","urlTemplate":"https:\/\/aositerminals.com\/ru\/?s={search_term_string}"},"query-input":{"@type":"PropertyValueSpecification","valueRequired":true,"valueName":"search_term_string"}}],"inLanguage":"fr-FR"},{"@type":"Organization","@id":"https:\/\/aositerminals.com\/ru\/#organization","name":"Bornes d'automatisation industrielle","url":"https:\/\/aositerminals.com\/ru\/","logo":{"@type":"ImageObject","inLanguage":"fr-FR","@id":"https:\/\/aositerminals.com\/ru\/#\/schema\/logo\/image\/","url":"https:\/\/aositerminals.com\/wp-content\/uploads\/2025\/03\/aff0c45cf8d34c8eee2824ecf650eb5.webp","contentUrl":"https:\/\/aositerminals.com\/wp-content\/uploads\/2025\/03\/aff0c45cf8d34c8eee2824ecf650eb5.webp","width":215,"height":97,"caption":"Industrial Automation Terminal Blocks"},"image":{"@id":"https:\/\/aositerminals.com\/ru\/#\/schema\/logo\/image\/"}}]},"og_availability":"instock","product_availability":"instock","product_condition":"new"},"_links":{"self":[{"href":"https:\/\/aositerminals.com\/fr\/wp-json\/wp\/v2\/product\/25930","targetHints":{"allow":["GET"]}}],"collection":[{"href":"https:\/\/aositerminals.com\/fr\/wp-json\/wp\/v2\/product"}],"about":[{"href":"https:\/\/aositerminals.com\/fr\/wp-json\/wp\/v2\/types\/product"}],"version-history":[{"count":0,"href":"https:\/\/aositerminals.com\/fr\/wp-json\/wp\/v2\/product\/25930\/revisions"}],"wp:featuredmedia":[{"embeddable":true,"href":"https:\/\/aositerminals.com\/fr\/wp-json\/wp\/v2\/media\/25975"}],"wp:attachment":[{"href":"https:\/\/aositerminals.com\/fr\/wp-json\/wp\/v2\/media?parent=25930"}],"wp:term":[{"taxonomy":"product_brand","embeddable":true,"href":"https:\/\/aositerminals.com\/fr\/wp-json\/wp\/v2\/product_brand?post=25930"},{"taxonomy":"product_cat","embeddable":true,"href":"https:\/\/aositerminals.com\/fr\/wp-json\/wp\/v2\/product_cat?post=25930"},{"taxonomy":"product_tag","embeddable":true,"href":"https:\/\/aositerminals.com\/fr\/wp-json\/wp\/v2\/product_tag?post=25930"}],"curies":[{"name":"wp","href":"https:\/\/api.w.org\/{rel}","templated":true}]}}