{"id":5903,"date":"2025-03-18T16:50:07","date_gmt":"2025-03-18T08:50:07","guid":{"rendered":"http:\/\/aositerminals.com\/?post_type=product&#038;p=5903"},"modified":"2025-03-18T17:04:09","modified_gmt":"2025-03-18T09:04:09","slug":"4-32-channels-plc-sensor-spring-terminal-module","status":"publish","type":"product","link":"https:\/\/aositerminals.com\/fr\/product\/4-32-channels-plc-sensor-spring-terminal-module\/","title":{"rendered":"4-32 canaux PLC Sensor Spring Terminal Module"},"content":{"rendered":"","protected":false},"excerpt":{"rendered":"<h2>4-32 canaux PLC Sensor Spring Terminal Module<\/h2>\r\nCapteur PLC 4-32 canaux bornier, 2 fils module adaptateur d'entr\u00e9e 3 fils, d\u00e9tecteur de proximit\u00e9 d\u00e9tecteur photo\u00e9lectrique\r\n\r\n&nbsp;","protected":false},"featured_media":5918,"template":"","meta":{"_acf_changed":false},"product_brand":[],"product_cat":[98],"product_tag":[],"class_list":{"0":"post-5903","1":"product","2":"type-product","3":"status-publish","4":"has-post-thumbnail","6":"product_cat-power-distribution","8":"first","9":"instock","10":"shipping-taxable","11":"product-type-simple"},"acf":[],"yoast_head":"<!-- This site is optimized with the Yoast SEO Premium plugin v24.7 (Yoast SEO v24.7) - https:\/\/yoast.com\/wordpress\/plugins\/seo\/ -->\n<title>4-32 channels PLC Sensor Spring Terminal Module - AOSI Terminal Blocks &amp; Module Manufacturer | Industrial Connectivity Solutions<\/title>\n<meta name=\"robots\" content=\"index, follow, max-snippet:-1, max-image-preview:large, max-video-preview:-1\" \/>\n<link rel=\"canonical\" href=\"https:\/\/aositerminals.com\/fr\/product\/4-32-channels-plc-sensor-spring-terminal-module\/\" \/>\n<meta property=\"og:locale\" content=\"fr_FR\" \/>\n<meta property=\"og:type\" content=\"article\" \/>\n<meta property=\"og:title\" content=\"4-32 channels PLC Sensor Spring Terminal Module\" \/>\n<meta property=\"og:description\" content=\"4-32 channels PLC Sensor Spring Terminal Module 4-32 channel PLC sensor terminal block, 2-wire 3-wire input adapter module, proximity switch photoelectric switch  &nbsp;\" \/>\n<meta property=\"og:url\" content=\"https:\/\/aositerminals.com\/fr\/product\/4-32-channels-plc-sensor-spring-terminal-module\/\" \/>\n<meta property=\"og:site_name\" content=\"AOSI Terminal Blocks &amp; Module Manufacturer | Industrial Connectivity Solutions\" \/>\n<meta property=\"article:modified_time\" content=\"2025-03-18T09:04:09+00:00\" \/>\n<meta property=\"og:image\" content=\"https:\/\/aositerminals.com\/wp-content\/uploads\/2025\/03\/IMG_6917.jpg\" \/>\n\t<meta property=\"og:image:width\" content=\"800\" \/>\n\t<meta property=\"og:image:height\" content=\"800\" \/>\n\t<meta property=\"og:image:type\" content=\"image\/jpeg\" \/>\n<meta name=\"twitter:card\" content=\"summary_large_image\" \/>\n<meta name=\"twitter:label1\" content=\"Prix\" \/>\n\t<meta name=\"twitter:data1\" content=\"\" \/>\n\t<meta name=\"twitter:label2\" content=\"Disponibilit\u00e9\" \/>\n\t<meta name=\"twitter:data2\" content=\"En stock\" \/>\n<script type=\"application\/ld+json\" class=\"yoast-schema-graph\">{\"@context\":\"https:\/\/schema.org\",\"@graph\":[{\"@type\":\"WebPage\",\"@id\":\"https:\/\/aositerminals.com\/product\/4-32-channels-plc-sensor-spring-terminal-module\/\",\"url\":\"https:\/\/aositerminals.com\/product\/4-32-channels-plc-sensor-spring-terminal-module\/\",\"name\":\"4-32 channels PLC Sensor Spring Terminal Module - AOSI Terminal Blocks &amp; Module Manufacturer | Industrial Connectivity Solutions\",\"isPartOf\":{\"@id\":\"https:\/\/aositerminals.com\/#website\"},\"primaryImageOfPage\":{\"@id\":\"https:\/\/aositerminals.com\/product\/4-32-channels-plc-sensor-spring-terminal-module\/#primaryimage\"},\"image\":{\"@id\":\"https:\/\/aositerminals.com\/product\/4-32-channels-plc-sensor-spring-terminal-module\/#primaryimage\"},\"thumbnailUrl\":\"https:\/\/aositerminals.com\/wp-content\/uploads\/2025\/03\/IMG_6917.jpg\",\"datePublished\":\"2025-03-18T08:50:07+00:00\",\"dateModified\":\"2025-03-18T09:04:09+00:00\",\"breadcrumb\":{\"@id\":\"https:\/\/aositerminals.com\/product\/4-32-channels-plc-sensor-spring-terminal-module\/#breadcrumb\"},\"inLanguage\":\"fr-FR\",\"potentialAction\":[{\"@type\":\"ReadAction\",\"target\":[\"https:\/\/aositerminals.com\/product\/4-32-channels-plc-sensor-spring-terminal-module\/\"]}]},{\"@type\":\"ImageObject\",\"inLanguage\":\"fr-FR\",\"@id\":\"https:\/\/aositerminals.com\/product\/4-32-channels-plc-sensor-spring-terminal-module\/#primaryimage\",\"url\":\"https:\/\/aositerminals.com\/wp-content\/uploads\/2025\/03\/IMG_6917.jpg\",\"contentUrl\":\"https:\/\/aositerminals.com\/wp-content\/uploads\/2025\/03\/IMG_6917.jpg\",\"width\":800,\"height\":800},{\"@type\":\"BreadcrumbList\",\"@id\":\"https:\/\/aositerminals.com\/product\/4-32-channels-plc-sensor-spring-terminal-module\/#breadcrumb\",\"itemListElement\":[{\"@type\":\"ListItem\",\"position\":1,\"name\":\"\u9996\u9875\",\"item\":\"https:\/\/aositerminals.com\/\"},{\"@type\":\"ListItem\",\"position\":2,\"name\":\"Products\",\"item\":\"https:\/\/aositerminals.com\/products\/\"},{\"@type\":\"ListItem\",\"position\":3,\"name\":\"4-32 channels PLC Sensor Spring Terminal Module\"}]},{\"@type\":\"WebSite\",\"@id\":\"https:\/\/aositerminals.com\/#website\",\"url\":\"https:\/\/aositerminals.com\/\",\"name\":\"Industrial Automation Terminal Blocks\",\"description\":\"Factory-direct pluggable, spring &amp; screw terminal blocks and I\/O \/ relay modules. Fast OEM \/ ODM, global shipping.\",\"publisher\":{\"@id\":\"https:\/\/aositerminals.com\/#organization\"},\"potentialAction\":[{\"@type\":\"SearchAction\",\"target\":{\"@type\":\"EntryPoint\",\"urlTemplate\":\"https:\/\/aositerminals.com\/?s={search_term_string}\"},\"query-input\":{\"@type\":\"PropertyValueSpecification\",\"valueRequired\":true,\"valueName\":\"search_term_string\"}}],\"inLanguage\":\"fr-FR\"},{\"@type\":\"Organization\",\"@id\":\"https:\/\/aositerminals.com\/#organization\",\"name\":\"Industrial Automation Terminal Blocks\",\"url\":\"https:\/\/aositerminals.com\/\",\"logo\":{\"@type\":\"ImageObject\",\"inLanguage\":\"fr-FR\",\"@id\":\"https:\/\/aositerminals.com\/#\/schema\/logo\/image\/\",\"url\":\"https:\/\/aositerminals.com\/wp-content\/uploads\/2025\/03\/aff0c45cf8d34c8eee2824ecf650eb5.webp\",\"contentUrl\":\"https:\/\/aositerminals.com\/wp-content\/uploads\/2025\/03\/aff0c45cf8d34c8eee2824ecf650eb5.webp\",\"width\":215,\"height\":97,\"caption\":\"Industrial Automation Terminal Blocks\"},\"image\":{\"@id\":\"https:\/\/aositerminals.com\/#\/schema\/logo\/image\/\"}}]}<\/script>\n<meta property=\"product:price:amount\" content=\"0.00\" \/>\n<meta property=\"product:price:currency\" content=\"CNY\" \/>\n<meta property=\"og:availability\" content=\"instock\" \/>\n<meta property=\"product:availability\" content=\"instock\" \/>\n<meta property=\"product:condition\" content=\"new\" \/>\n<!-- \/ Yoast SEO Premium plugin. -->","yoast_head_json":{"title":"4-32 channels PLC Sensor Spring Terminal Module - AOSI Terminal Blocks &amp; Module Manufacturer | Industrial Connectivity Solutions","robots":{"index":"index","follow":"follow","max-snippet":"max-snippet:-1","max-image-preview":"max-image-preview:large","max-video-preview":"max-video-preview:-1"},"canonical":"https:\/\/aositerminals.com\/fr\/product\/4-32-channels-plc-sensor-spring-terminal-module\/","og_locale":"fr_FR","og_type":"article","og_title":"4-32 channels PLC Sensor Spring Terminal Module","og_description":"4-32 channels PLC Sensor Spring Terminal Module 4-32 channel PLC sensor terminal block, 2-wire 3-wire input adapter module, proximity switch photoelectric switch  &nbsp;","og_url":"https:\/\/aositerminals.com\/fr\/product\/4-32-channels-plc-sensor-spring-terminal-module\/","og_site_name":"AOSI Terminal Blocks &amp; Module Manufacturer | Industrial Connectivity Solutions","article_modified_time":"2025-03-18T09:04:09+00:00","og_image":[{"width":800,"height":800,"url":"https:\/\/aositerminals.com\/wp-content\/uploads\/2025\/03\/IMG_6917.jpg","type":"image\/jpeg"}],"twitter_card":"summary_large_image","twitter_misc":{"Prix":"","Disponibilit\u00e9":"En stock"},"schema":{"@context":"https:\/\/schema.org","@graph":[{"@type":"WebPage","@id":"https:\/\/aositerminals.com\/product\/4-32-channels-plc-sensor-spring-terminal-module\/","url":"https:\/\/aositerminals.com\/product\/4-32-channels-plc-sensor-spring-terminal-module\/","name":"4-32 channels PLC Sensor Spring Terminal Module - AOSI Terminal Blocks &amp; Module Manufacturer | Industrial Connectivity Solutions","isPartOf":{"@id":"https:\/\/aositerminals.com\/#website"},"primaryImageOfPage":{"@id":"https:\/\/aositerminals.com\/product\/4-32-channels-plc-sensor-spring-terminal-module\/#primaryimage"},"image":{"@id":"https:\/\/aositerminals.com\/product\/4-32-channels-plc-sensor-spring-terminal-module\/#primaryimage"},"thumbnailUrl":"https:\/\/aositerminals.com\/wp-content\/uploads\/2025\/03\/IMG_6917.jpg","datePublished":"2025-03-18T08:50:07+00:00","dateModified":"2025-03-18T09:04:09+00:00","breadcrumb":{"@id":"https:\/\/aositerminals.com\/product\/4-32-channels-plc-sensor-spring-terminal-module\/#breadcrumb"},"inLanguage":"fr-FR","potentialAction":[{"@type":"ReadAction","target":["https:\/\/aositerminals.com\/product\/4-32-channels-plc-sensor-spring-terminal-module\/"]}]},{"@type":"ImageObject","inLanguage":"fr-FR","@id":"https:\/\/aositerminals.com\/product\/4-32-channels-plc-sensor-spring-terminal-module\/#primaryimage","url":"https:\/\/aositerminals.com\/wp-content\/uploads\/2025\/03\/IMG_6917.jpg","contentUrl":"https:\/\/aositerminals.com\/wp-content\/uploads\/2025\/03\/IMG_6917.jpg","width":800,"height":800},{"@type":"BreadcrumbList","@id":"https:\/\/aositerminals.com\/product\/4-32-channels-plc-sensor-spring-terminal-module\/#breadcrumb","itemListElement":[{"@type":"ListItem","position":1,"name":"\u9996\u9875","item":"https:\/\/aositerminals.com\/"},{"@type":"ListItem","position":2,"name":"Products","item":"https:\/\/aositerminals.com\/products\/"},{"@type":"ListItem","position":3,"name":"4-32 channels PLC Sensor Spring Terminal Module"}]},{"@type":"WebSite","@id":"https:\/\/aositerminals.com\/#website","url":"https:\/\/aositerminals.com\/","name":"Bornes d'automatisation industrielle","description":"Blocs de bornes enfichables, \u00e0 ressort et \u00e0 vis et modules d'E\/S\/de relais. OEM \/ ODM rapide, exp\u00e9dition mondiale.","publisher":{"@id":"https:\/\/aositerminals.com\/#organization"},"potentialAction":[{"@type":"SearchAction","target":{"@type":"EntryPoint","urlTemplate":"https:\/\/aositerminals.com\/?s={search_term_string}"},"query-input":{"@type":"PropertyValueSpecification","valueRequired":true,"valueName":"search_term_string"}}],"inLanguage":"fr-FR"},{"@type":"Organization","@id":"https:\/\/aositerminals.com\/#organization","name":"Bornes d'automatisation industrielle","url":"https:\/\/aositerminals.com\/","logo":{"@type":"ImageObject","inLanguage":"fr-FR","@id":"https:\/\/aositerminals.com\/#\/schema\/logo\/image\/","url":"https:\/\/aositerminals.com\/wp-content\/uploads\/2025\/03\/aff0c45cf8d34c8eee2824ecf650eb5.webp","contentUrl":"https:\/\/aositerminals.com\/wp-content\/uploads\/2025\/03\/aff0c45cf8d34c8eee2824ecf650eb5.webp","width":215,"height":97,"caption":"Industrial Automation Terminal Blocks"},"image":{"@id":"https:\/\/aositerminals.com\/#\/schema\/logo\/image\/"}}]},"product_price_amount":"0.00","product_price_currency":"CNY","og_availability":"instock","product_availability":"instock","product_condition":"new"},"_links":{"self":[{"href":"https:\/\/aositerminals.com\/fr\/wp-json\/wp\/v2\/product\/5903","targetHints":{"allow":["GET"]}}],"collection":[{"href":"https:\/\/aositerminals.com\/fr\/wp-json\/wp\/v2\/product"}],"about":[{"href":"https:\/\/aositerminals.com\/fr\/wp-json\/wp\/v2\/types\/product"}],"version-history":[{"count":0,"href":"https:\/\/aositerminals.com\/fr\/wp-json\/wp\/v2\/product\/5903\/revisions"}],"wp:featuredmedia":[{"embeddable":true,"href":"https:\/\/aositerminals.com\/fr\/wp-json\/wp\/v2\/media\/5918"}],"wp:attachment":[{"href":"https:\/\/aositerminals.com\/fr\/wp-json\/wp\/v2\/media?parent=5903"}],"wp:term":[{"taxonomy":"product_brand","embeddable":true,"href":"https:\/\/aositerminals.com\/fr\/wp-json\/wp\/v2\/product_brand?post=5903"},{"taxonomy":"product_cat","embeddable":true,"href":"https:\/\/aositerminals.com\/fr\/wp-json\/wp\/v2\/product_cat?post=5903"},{"taxonomy":"product_tag","embeddable":true,"href":"https:\/\/aositerminals.com\/fr\/wp-json\/wp\/v2\/product_tag?post=5903"}],"curies":[{"name":"wp","href":"https:\/\/api.w.org\/{rel}","templated":true}]}}