{"id":3,"date":"2025-02-08T14:10:21","date_gmt":"2025-02-08T06:10:21","guid":{"rendered":"http:\/\/aositerminals.com\/?page_id=3"},"modified":"2025-04-02T17:09:24","modified_gmt":"2025-04-02T09:09:24","slug":"privacy-policy","status":"publish","type":"page","link":"https:\/\/aositerminals.com\/it\/privacy-policy\/","title":{"rendered":"La privacy"},"content":{"rendered":"<div data-elementor-type=\"wp-page\" data-elementor-id=\"3\" class=\"elementor elementor-3\" data-elementor-post-type=\"page\">\n\t\t\t\t<div class=\"elementor-element elementor-element-58017c45 e-flex e-con-boxed e-con e-parent\" data-id=\"58017c45\" data-element_type=\"container\">\n\t\t\t\t\t<div class=\"e-con-inner\">\n\t\t\t\t<div class=\"elementor-element elementor-element-415f96d elementor-widget elementor-widget-heading\" data-id=\"415f96d\" data-element_type=\"widget\" data-widget_type=\"heading.default\">\n\t\t\t\t<div class=\"elementor-widget-container\">\n\t\t\t\t\t<h1 class=\"elementor-heading-title elementor-size-default\">Informativa sulla privacy<\/h1>\t\t\t\t<\/div>\n\t\t\t\t<\/div>\n\t\t\t\t<div class=\"elementor-element elementor-element-4d4c7193 elementor-widget elementor-widget-text-editor\" data-id=\"4d4c7193\" data-element_type=\"widget\" data-widget_type=\"text-editor.default\">\n\t\t\t\t<div class=\"elementor-widget-container\">\n\t\t\t\t\t\t\t\t\t<div class=\"elementor-element elementor-element-b724de4 elementor-widget elementor-widget-text-editor\" data-id=\"b724de4\" data-element_type=\"widget\" data-widget_type=\"text-editor.default\"><div class=\"elementor-widget-container\"><p>AOSI Electronic si impegna a proteggere la vostra privacy e a garantire la sicurezza delle informazioni che ci fornite. La presente Informativa sulla privacy illustra le nostre pratiche relative alla raccolta, all'uso, alla protezione e alla divulgazione delle vostre informazioni tramite <span style=\"color: #cc3700;\"><a style=\"color: #cc3700;\" href=\"https:\/\/www.firstmold.com\/\">https:\/\/www.aositerminals.com<\/a>\u00a0<\/span> (di seguito denominato \"Sito\").<\/p><\/div><\/div><div class=\"elementor-element elementor-element-dd27927 elementor-widget elementor-widget-heading\" data-id=\"dd27927\" data-element_type=\"widget\" data-widget_type=\"heading.default\"><div class=\"elementor-widget-container\"><h3 class=\"elementor-heading-title elementor-size-default\">Consenso e raccolta di informazioni<\/h3><\/div><\/div><div class=\"elementor-element elementor-element-40e8569 elementor-widget elementor-widget-text-editor\" data-id=\"40e8569\" data-element_type=\"widget\" data-widget_type=\"text-editor.default\"><div class=\"elementor-widget-container\"><p>Utilizzando il nostro Sito, l'utente acconsente alla raccolta e all'utilizzo delle informazioni in conformit\u00e0 con la presente politica. Raccogliamo vari tipi di informazioni, tra cui, a titolo esemplificativo, informazioni di identificazione personale (nome, indirizzo e-mail, numero di telefono), dati di utilizzo e cookie.<\/p><\/div><\/div><div class=\"elementor-element elementor-element-b826b5a elementor-widget elementor-widget-heading\" data-id=\"b826b5a\" data-element_type=\"widget\" data-widget_type=\"heading.default\"><div class=\"elementor-widget-container\"><h3 class=\"elementor-heading-title elementor-size-default\">Utilizzo delle informazioni<\/h3><\/div><\/div><div class=\"elementor-element elementor-element-55a07c5 elementor-widget elementor-widget-text-editor\" data-id=\"55a07c5\" data-element_type=\"widget\" data-widget_type=\"text-editor.default\"><div class=\"elementor-widget-container\"><p>Le informazioni raccolte vengono utilizzate per migliorare il sito, i servizi e la comunicazione con i clienti. Possono essere utilizzate per rispondere a richieste di informazioni, fornire assistenza o inviare aggiornamenti sui nostri servizi.<\/p><\/div><\/div><div class=\"elementor-element elementor-element-244c530 elementor-widget elementor-widget-heading\" data-id=\"244c530\" data-element_type=\"widget\" data-widget_type=\"heading.default\"><div class=\"elementor-widget-container\"><h3 class=\"elementor-heading-title elementor-size-default\">Protezione dei dati e riservatezza<\/h3><\/div><\/div><div class=\"elementor-element elementor-element-71de274 elementor-widget elementor-widget-text-editor\" data-id=\"71de274\" data-element_type=\"widget\" data-widget_type=\"text-editor.default\"><div class=\"elementor-widget-container\"><p>Implementiamo una serie di misure di sicurezza per preservare la sicurezza dei vostri dati personali. Le nostre misure sono volte a proteggere dall'accesso non autorizzato, dall'alterazione, dalla divulgazione o dalla distruzione dei vostri dati personali.<\/p><\/div><\/div><div class=\"elementor-element elementor-element-60a95bc elementor-widget elementor-widget-heading\" data-id=\"60a95bc\" data-element_type=\"widget\" data-widget_type=\"heading.default\"><div class=\"elementor-widget-container\"><h3 class=\"elementor-heading-title elementor-size-default\">Gestione di immagini e contenuti proprietari<\/h3><\/div><\/div><div class=\"elementor-element elementor-element-7116db5 elementor-widget elementor-widget-text-editor\" data-id=\"7116db5\" data-element_type=\"widget\" data-widget_type=\"text-editor.default\"><div class=\"elementor-widget-container\"><p>Consenso del cliente: Pubblichiamo immagini e casi di studio sul nostro sito solo dopo aver ricevuto il consenso esplicito dei nostri clienti. Tutti i contenuti vengono esaminati attentamente per garantire la conformit\u00e0 ai nostri accordi di riservatezza.<\/p><\/div><\/div><div class=\"elementor-element elementor-element-f7f7003 elementor-widget elementor-widget-text-editor\" data-id=\"f7f7003\" data-element_type=\"widget\" data-widget_type=\"text-editor.default\"><div class=\"elementor-widget-container\"><p>Considerazioni sulla privacy: Per proteggere ulteriormente la riservatezza dei nostri clienti, applichiamo l'elaborazione a mosaico a tutte le informazioni sui nomi dei clienti presenti sui prodotti presentati nelle nostre immagini. Questo garantisce che l'identit\u00e0 dei clienti rimanga protetta.<\/p><\/div><\/div><div class=\"elementor-element elementor-element-61978ad elementor-widget elementor-widget-text-editor\" data-id=\"61978ad\" data-element_type=\"widget\" data-widget_type=\"text-editor.default\"><div class=\"elementor-widget-container\"><p>Aspetto del prodotto: Le nostre immagini mostrano principalmente l'aspetto del prodotto. Evitiamo accuratamente di mostrare design o caratteristiche specifiche che potrebbero rivelare informazioni proprietarie o sensibili, aderendo al principio della minimizzazione della divulgazione.<\/p><\/div><\/div><div class=\"elementor-element elementor-element-a8f7b36 elementor-widget elementor-widget-heading\" data-id=\"a8f7b36\" data-element_type=\"widget\" data-widget_type=\"heading.default\"><div class=\"elementor-widget-container\"><h3 class=\"elementor-heading-title elementor-size-default\">Propriet\u00e0 intellettuale<\/h3><\/div><\/div><div class=\"elementor-element elementor-element-11344c9 elementor-widget elementor-widget-text-editor\" data-id=\"11344c9\" data-element_type=\"widget\" data-widget_type=\"text-editor.default\"><div class=\"elementor-widget-container\"><p>Il contenuto visualizzato sul nostro Sito, comprese le immagini dei prodotti, \u00e8 protetto dalle leggi sulla propriet\u00e0 intellettuale e non pu\u00f2 essere riprodotto o diffuso senza il nostro esplicito consenso.<\/p><\/div><\/div><div class=\"elementor-element elementor-element-58ce37a elementor-widget elementor-widget-heading\" data-id=\"58ce37a\" data-element_type=\"widget\" data-widget_type=\"heading.default\"><div class=\"elementor-widget-container\"><h3 class=\"elementor-heading-title elementor-size-default\">Modifiche alla nostra politica sulla privacy<\/h3><\/div><\/div><div class=\"elementor-element elementor-element-8d15fd7 elementor-widget elementor-widget-text-editor\" data-id=\"8d15fd7\" data-element_type=\"widget\" data-widget_type=\"text-editor.default\"><div class=\"elementor-widget-container\"><p>FirstMold si riserva il diritto di aggiornare o modificare la propria Informativa sulla privacy in qualsiasi momento. Vi informeremo di eventuali modifiche pubblicando la nuova Informativa sulla privacy su questa pagina. Si consiglia di rivedere periodicamente la presente Informativa sulla privacy per eventuali modifiche.<\/p><\/div><\/div><div class=\"elementor-element elementor-element-8299b56 elementor-widget elementor-widget-heading\" data-id=\"8299b56\" data-element_type=\"widget\" data-widget_type=\"heading.default\"><div class=\"elementor-widget-container\"><h3 class=\"elementor-heading-title elementor-size-default\">Contatto<\/h3><\/div><\/div><div class=\"elementor-element elementor-element-d71ee8e elementor-widget elementor-widget-text-editor\" data-id=\"d71ee8e\" data-element_type=\"widget\" data-widget_type=\"text-editor.default\"><div class=\"elementor-widget-container\"><p>In caso di domande o suggerimenti sulla nostra Informativa sulla privacy, non esitate a contattarci all'indirizzo <a href=\"mailto:sales@aosigd.com\"><span style=\"color: #cc3700;\">sales@aosigd.com<\/span><\/a>.<\/p><\/div><\/div>\t\t\t\t\t\t\t\t<\/div>\n\t\t\t\t<\/div>\n\t\t\t\t\t<\/div>\n\t\t\t\t<\/div>\n\t\t\t\t<\/div>","protected":false},"excerpt":{"rendered":"Privacy Policy At AOSI Electronic, we are committed to protecting your privacy and ensuring the security of information you provide to us. This Privacy Policy outlines our practices regarding the collection, use, protection, and disclosure of your information through https:\/\/www.aositerminals.com\u00a0 (hereinafter referred to as the \u201cSite\u201d).Consent and Information CollectionBy using our Site, you consent to [&hellip;]","protected":false},"author":1,"featured_media":0,"parent":0,"menu_order":0,"comment_status":"closed","ping_status":"closed","template":"","meta":{"_acf_changed":false,"footnotes":""},"class_list":["post-3","page","type-page","status-publish","hentry"],"acf":[],"yoast_head":"<!-- This site is optimized with the Yoast SEO Premium plugin v24.7 (Yoast SEO v24.7) - https:\/\/yoast.com\/wordpress\/plugins\/seo\/ -->\n<title>Privacy - AOSI Terminal Blocks &amp; Module Manufacturer | Industrial Connectivity Solutions<\/title>\n<meta name=\"robots\" content=\"index, follow, max-snippet:-1, max-image-preview:large, max-video-preview:-1\" \/>\n<link rel=\"canonical\" href=\"https:\/\/aositerminals.com\/it\/privacy-policy\/\" \/>\n<meta property=\"og:locale\" content=\"it_IT\" \/>\n<meta property=\"og:type\" content=\"article\" \/>\n<meta property=\"og:title\" content=\"Privacy\" \/>\n<meta property=\"og:description\" content=\"Privacy Policy At AOSI Electronic, we are committed to protecting your privacy and ensuring the security of information you provide to us. This Privacy Policy outlines our practices regarding the collection, use, protection, and disclosure of your information through https:\/\/www.aositerminals.com\u00a0 (hereinafter referred to as the \u201cSite\u201d).Consent and Information CollectionBy using our Site, you consent to [&hellip;]\" \/>\n<meta property=\"og:url\" content=\"https:\/\/aositerminals.com\/it\/privacy-policy\/\" \/>\n<meta property=\"og:site_name\" content=\"AOSI Terminal Blocks &amp; Module Manufacturer | Industrial Connectivity Solutions\" \/>\n<meta property=\"article:modified_time\" content=\"2025-04-02T09:09:24+00:00\" \/>\n<meta name=\"twitter:card\" content=\"summary_large_image\" \/>\n<meta name=\"twitter:label1\" content=\"Tempo di lettura stimato\" \/>\n\t<meta name=\"twitter:data1\" content=\"4 minuti\" \/>\n<script type=\"application\/ld+json\" class=\"yoast-schema-graph\">{\"@context\":\"https:\/\/schema.org\",\"@graph\":[{\"@type\":\"WebPage\",\"@id\":\"https:\/\/aositerminals.com\/ja\/privacy-policy\/\",\"url\":\"https:\/\/aositerminals.com\/ja\/privacy-policy\/\",\"name\":\"Privacy - AOSI Terminal Blocks &amp; Module Manufacturer | Industrial Connectivity Solutions\",\"isPartOf\":{\"@id\":\"https:\/\/aositerminals.com\/ru\/#website\"},\"datePublished\":\"2025-02-08T06:10:21+00:00\",\"dateModified\":\"2025-04-02T09:09:24+00:00\",\"breadcrumb\":{\"@id\":\"https:\/\/aositerminals.com\/ja\/privacy-policy\/#breadcrumb\"},\"inLanguage\":\"it-IT\",\"potentialAction\":[{\"@type\":\"ReadAction\",\"target\":[\"https:\/\/aositerminals.com\/ja\/privacy-policy\/\"]}]},{\"@type\":\"BreadcrumbList\",\"@id\":\"https:\/\/aositerminals.com\/ja\/privacy-policy\/#breadcrumb\",\"itemListElement\":[{\"@type\":\"ListItem\",\"position\":1,\"name\":\"\u9996\u9875\",\"item\":\"https:\/\/aositerminals.com\/ru\/\"},{\"@type\":\"ListItem\",\"position\":2,\"name\":\"Privacy\"}]},{\"@type\":\"WebSite\",\"@id\":\"https:\/\/aositerminals.com\/ru\/#website\",\"url\":\"https:\/\/aositerminals.com\/ru\/\",\"name\":\"Industrial Automation Terminal Blocks\",\"description\":\"Factory-direct pluggable, spring &amp; screw terminal blocks and I\/O \/ relay modules. Fast OEM \/ ODM, global shipping.\",\"publisher\":{\"@id\":\"https:\/\/aositerminals.com\/ru\/#organization\"},\"potentialAction\":[{\"@type\":\"SearchAction\",\"target\":{\"@type\":\"EntryPoint\",\"urlTemplate\":\"https:\/\/aositerminals.com\/ru\/?s={search_term_string}\"},\"query-input\":{\"@type\":\"PropertyValueSpecification\",\"valueRequired\":true,\"valueName\":\"search_term_string\"}}],\"inLanguage\":\"it-IT\"},{\"@type\":\"Organization\",\"@id\":\"https:\/\/aositerminals.com\/ru\/#organization\",\"name\":\"Industrial Automation Terminal Blocks\",\"url\":\"https:\/\/aositerminals.com\/ru\/\",\"logo\":{\"@type\":\"ImageObject\",\"inLanguage\":\"it-IT\",\"@id\":\"https:\/\/aositerminals.com\/ru\/#\/schema\/logo\/image\/\",\"url\":\"https:\/\/aositerminals.com\/wp-content\/uploads\/2025\/03\/aff0c45cf8d34c8eee2824ecf650eb5.webp\",\"contentUrl\":\"https:\/\/aositerminals.com\/wp-content\/uploads\/2025\/03\/aff0c45cf8d34c8eee2824ecf650eb5.webp\",\"width\":215,\"height\":97,\"caption\":\"Industrial Automation Terminal Blocks\"},\"image\":{\"@id\":\"https:\/\/aositerminals.com\/ru\/#\/schema\/logo\/image\/\"}}]}<\/script>\n<!-- \/ Yoast SEO Premium plugin. -->","yoast_head_json":{"title":"Privacy - Produttori di morsettiere e moduli AOSI | Soluzioni di connettivit\u00e0 industriale","robots":{"index":"index","follow":"follow","max-snippet":"max-snippet:-1","max-image-preview":"max-image-preview:large","max-video-preview":"max-video-preview:-1"},"canonical":"https:\/\/aositerminals.com\/it\/privacy-policy\/","og_locale":"it_IT","og_type":"article","og_title":"Privacy","og_description":"Privacy Policy At AOSI Electronic, we are committed to protecting your privacy and ensuring the security of information you provide to us. This Privacy Policy outlines our practices regarding the collection, use, protection, and disclosure of your information through https:\/\/www.aositerminals.com\u00a0 (hereinafter referred to as the \u201cSite\u201d).Consent and Information CollectionBy using our Site, you consent to [&hellip;]","og_url":"https:\/\/aositerminals.com\/it\/privacy-policy\/","og_site_name":"AOSI Terminal Blocks &amp; Module Manufacturer | Industrial Connectivity Solutions","article_modified_time":"2025-04-02T09:09:24+00:00","twitter_card":"summary_large_image","twitter_misc":{"Tempo di lettura stimato":"4 minuti"},"schema":{"@context":"https:\/\/schema.org","@graph":[{"@type":"WebPage","@id":"https:\/\/aositerminals.com\/ja\/privacy-policy\/","url":"https:\/\/aositerminals.com\/ja\/privacy-policy\/","name":"Privacy - Produttori di morsettiere e moduli AOSI | Soluzioni di connettivit\u00e0 industriale","isPartOf":{"@id":"https:\/\/aositerminals.com\/ru\/#website"},"datePublished":"2025-02-08T06:10:21+00:00","dateModified":"2025-04-02T09:09:24+00:00","breadcrumb":{"@id":"https:\/\/aositerminals.com\/ja\/privacy-policy\/#breadcrumb"},"inLanguage":"it-IT","potentialAction":[{"@type":"ReadAction","target":["https:\/\/aositerminals.com\/ja\/privacy-policy\/"]}]},{"@type":"BreadcrumbList","@id":"https:\/\/aositerminals.com\/ja\/privacy-policy\/#breadcrumb","itemListElement":[{"@type":"ListItem","position":1,"name":"\u9996\u9875","item":"https:\/\/aositerminals.com\/ru\/"},{"@type":"ListItem","position":2,"name":"Privacy"}]},{"@type":"WebSite","@id":"https:\/\/aositerminals.com\/ru\/#website","url":"https:\/\/aositerminals.com\/ru\/","name":"Morsetti per automazione industriale","description":"Morsettiere a innesto, a molla e a vite e moduli I\/O\/rel\u00e8 diretti in fabbrica. OEM\/ODM veloce, spedizione globale.","publisher":{"@id":"https:\/\/aositerminals.com\/ru\/#organization"},"potentialAction":[{"@type":"SearchAction","target":{"@type":"EntryPoint","urlTemplate":"https:\/\/aositerminals.com\/ru\/?s={search_term_string}"},"query-input":{"@type":"PropertyValueSpecification","valueRequired":true,"valueName":"search_term_string"}}],"inLanguage":"it-IT"},{"@type":"Organization","@id":"https:\/\/aositerminals.com\/ru\/#organization","name":"Morsetti per automazione industriale","url":"https:\/\/aositerminals.com\/ru\/","logo":{"@type":"ImageObject","inLanguage":"it-IT","@id":"https:\/\/aositerminals.com\/ru\/#\/schema\/logo\/image\/","url":"https:\/\/aositerminals.com\/wp-content\/uploads\/2025\/03\/aff0c45cf8d34c8eee2824ecf650eb5.webp","contentUrl":"https:\/\/aositerminals.com\/wp-content\/uploads\/2025\/03\/aff0c45cf8d34c8eee2824ecf650eb5.webp","width":215,"height":97,"caption":"Industrial Automation Terminal Blocks"},"image":{"@id":"https:\/\/aositerminals.com\/ru\/#\/schema\/logo\/image\/"}}]}},"_links":{"self":[{"href":"https:\/\/aositerminals.com\/it\/wp-json\/wp\/v2\/pages\/3","targetHints":{"allow":["GET"]}}],"collection":[{"href":"https:\/\/aositerminals.com\/it\/wp-json\/wp\/v2\/pages"}],"about":[{"href":"https:\/\/aositerminals.com\/it\/wp-json\/wp\/v2\/types\/page"}],"author":[{"embeddable":true,"href":"https:\/\/aositerminals.com\/it\/wp-json\/wp\/v2\/users\/1"}],"replies":[{"embeddable":true,"href":"https:\/\/aositerminals.com\/it\/wp-json\/wp\/v2\/comments?post=3"}],"version-history":[{"count":0,"href":"https:\/\/aositerminals.com\/it\/wp-json\/wp\/v2\/pages\/3\/revisions"}],"wp:attachment":[{"href":"https:\/\/aositerminals.com\/it\/wp-json\/wp\/v2\/media?parent=3"}],"curies":[{"name":"wp","href":"https:\/\/api.w.org\/{rel}","templated":true}]}}