{"id":11281,"date":"2025-04-17T14:57:00","date_gmt":"2025-04-17T06:57:00","guid":{"rendered":"https:\/\/aositerminals.com\/?post_type=product&#038;p=11281"},"modified":"2025-09-13T15:23:39","modified_gmt":"2025-09-13T07:23:39","slug":"equivalent-to-phoenix-pluggable-terminal-block-fph0-5-xx-254-28","status":"publish","type":"product","link":"https:\/\/aositerminals.com\/pt\/product\/equivalent-to-phoenix-pluggable-terminal-block-fph0-5-xx-254-28\/","title":{"rendered":"Equivalente ao bloco de terminais plug\u00e1vel Phoenix | Passo de 2,54 mm | FPH0.5-XX-254-28"},"content":{"rendered":"","protected":false},"excerpt":{"rendered":"<h2>Equivalent to Phoenix Pluggable Terminal Block 2.54mm Pitch<\/h2>\r\n<span style=\"color: #808080;\">Passo: 2,54 mm<\/span>\r\n<span style=\"color: #808080;\">Corrente nominal: 5A<\/span>\r\n<span style=\"color: #808080;\">Tens\u00e3o nominal: 150 V<\/span>\r\n\r\n&nbsp;","protected":false},"featured_media":11722,"template":"","meta":{"_acf_changed":false},"product_brand":[],"product_cat":[63],"product_tag":[222],"class_list":{"0":"post-11281","1":"product","2":"type-product","3":"status-publish","4":"has-post-thumbnail","6":"product_cat-pluggable-terminal-block","7":"product_tag-pcb-socket","8":"pa_pitch-2-54mm","10":"first","11":"instock","12":"shipping-taxable","13":"purchasable","14":"product-type-variable","15":"has-default-attributes"},"acf":[],"yoast_head":"<!-- This site is optimized with the Yoast SEO Premium plugin v24.7 (Yoast SEO v24.7) - https:\/\/yoast.com\/wordpress\/plugins\/seo\/ -->\n<title>Equivalent to Phoenix Pluggable Terminal Block | 2.54mm Pitch | FPH0.5-XX-254-28 - AOSI Terminal Blocks &amp; Module Manufacturer | Industrial Connectivity Solutions<\/title>\n<meta name=\"robots\" content=\"index, follow, max-snippet:-1, max-image-preview:large, max-video-preview:-1\" \/>\n<link rel=\"canonical\" href=\"https:\/\/aositerminals.com\/pt\/product\/equivalent-to-phoenix-pluggable-terminal-block-fph0-5-xx-254-28\/\" \/>\n<meta property=\"og:locale\" content=\"pt_PT\" \/>\n<meta property=\"og:type\" content=\"article\" \/>\n<meta property=\"og:title\" content=\"Equivalent to Phoenix Pluggable Terminal Block | 2.54mm Pitch | FPH0.5-XX-254-28\" \/>\n<meta property=\"og:description\" content=\"Equivalent to Phoenix Pluggable Terminal Block 2.54mm Pitch Pitch: 2.54mm Rated current: 5A Rated voltage: 150 V  &nbsp;\" \/>\n<meta property=\"og:url\" content=\"https:\/\/aositerminals.com\/pt\/product\/equivalent-to-phoenix-pluggable-terminal-block-fph0-5-xx-254-28\/\" \/>\n<meta property=\"og:site_name\" content=\"AOSI Terminal Blocks &amp; Module Manufacturer | Industrial Connectivity Solutions\" \/>\n<meta property=\"article:modified_time\" content=\"2025-09-13T07:23:39+00:00\" \/>\n<meta property=\"og:image\" content=\"https:\/\/aositerminals.com\/wp-content\/uploads\/2025\/04\/2EDGEV.jpg\" \/>\n\t<meta property=\"og:image:width\" content=\"1000\" \/>\n\t<meta property=\"og:image:height\" content=\"1000\" \/>\n\t<meta property=\"og:image:type\" content=\"image\/jpeg\" \/>\n<meta name=\"twitter:card\" content=\"summary_large_image\" \/>\n<meta name=\"twitter:label1\" content=\"Disponibilidade\" \/>\n\t<meta name=\"twitter:data1\" content=\"Em stock\" \/>\n<script type=\"application\/ld+json\" class=\"yoast-schema-graph\">{\"@context\":\"https:\/\/schema.org\",\"@graph\":[{\"@type\":\"WebPage\",\"@id\":\"https:\/\/aositerminals.com\/product\/equivalent-to-phoenix-pluggable-terminal-block-fph0-5-xx-254-28\/\",\"url\":\"https:\/\/aositerminals.com\/product\/equivalent-to-phoenix-pluggable-terminal-block-fph0-5-xx-254-28\/\",\"name\":\"Equivalent to Phoenix Pluggable Terminal Block | 2.54mm Pitch | FPH0.5-XX-254-28 - AOSI Terminal Blocks &amp; Module Manufacturer | Industrial Connectivity Solutions\",\"isPartOf\":{\"@id\":\"https:\/\/aositerminals.com\/#website\"},\"primaryImageOfPage\":{\"@id\":\"https:\/\/aositerminals.com\/product\/equivalent-to-phoenix-pluggable-terminal-block-fph0-5-xx-254-28\/#primaryimage\"},\"image\":{\"@id\":\"https:\/\/aositerminals.com\/product\/equivalent-to-phoenix-pluggable-terminal-block-fph0-5-xx-254-28\/#primaryimage\"},\"thumbnailUrl\":\"https:\/\/aositerminals.com\/wp-content\/uploads\/2025\/04\/2EDGEV.jpg\",\"datePublished\":\"2025-04-17T06:57:00+00:00\",\"dateModified\":\"2025-09-13T07:23:39+00:00\",\"breadcrumb\":{\"@id\":\"https:\/\/aositerminals.com\/product\/equivalent-to-phoenix-pluggable-terminal-block-fph0-5-xx-254-28\/#breadcrumb\"},\"inLanguage\":\"pt-PT\",\"potentialAction\":[{\"@type\":\"ReadAction\",\"target\":[\"https:\/\/aositerminals.com\/product\/equivalent-to-phoenix-pluggable-terminal-block-fph0-5-xx-254-28\/\"]}]},{\"@type\":\"ImageObject\",\"inLanguage\":\"pt-PT\",\"@id\":\"https:\/\/aositerminals.com\/product\/equivalent-to-phoenix-pluggable-terminal-block-fph0-5-xx-254-28\/#primaryimage\",\"url\":\"https:\/\/aositerminals.com\/wp-content\/uploads\/2025\/04\/2EDGEV.jpg\",\"contentUrl\":\"https:\/\/aositerminals.com\/wp-content\/uploads\/2025\/04\/2EDGEV.jpg\",\"width\":1000,\"height\":1000},{\"@type\":\"BreadcrumbList\",\"@id\":\"https:\/\/aositerminals.com\/product\/equivalent-to-phoenix-pluggable-terminal-block-fph0-5-xx-254-28\/#breadcrumb\",\"itemListElement\":[{\"@type\":\"ListItem\",\"position\":1,\"name\":\"\u9996\u9875\",\"item\":\"https:\/\/aositerminals.com\/\"},{\"@type\":\"ListItem\",\"position\":2,\"name\":\"Products\",\"item\":\"https:\/\/aositerminals.com\/products\/\"},{\"@type\":\"ListItem\",\"position\":3,\"name\":\"Equivalent to Phoenix Pluggable Terminal Block | 2.54mm Pitch | FPH0.5-XX-254-28\"}]},{\"@type\":\"WebSite\",\"@id\":\"https:\/\/aositerminals.com\/#website\",\"url\":\"https:\/\/aositerminals.com\/\",\"name\":\"Industrial Automation Terminal Blocks\",\"description\":\"Factory-direct pluggable, spring &amp; screw terminal blocks and I\/O \/ relay modules. Fast OEM \/ ODM, global shipping.\",\"publisher\":{\"@id\":\"https:\/\/aositerminals.com\/#organization\"},\"potentialAction\":[{\"@type\":\"SearchAction\",\"target\":{\"@type\":\"EntryPoint\",\"urlTemplate\":\"https:\/\/aositerminals.com\/?s={search_term_string}\"},\"query-input\":{\"@type\":\"PropertyValueSpecification\",\"valueRequired\":true,\"valueName\":\"search_term_string\"}}],\"inLanguage\":\"pt-PT\"},{\"@type\":\"Organization\",\"@id\":\"https:\/\/aositerminals.com\/#organization\",\"name\":\"Industrial Automation Terminal Blocks\",\"url\":\"https:\/\/aositerminals.com\/\",\"logo\":{\"@type\":\"ImageObject\",\"inLanguage\":\"pt-PT\",\"@id\":\"https:\/\/aositerminals.com\/#\/schema\/logo\/image\/\",\"url\":\"https:\/\/aositerminals.com\/wp-content\/uploads\/2025\/03\/aff0c45cf8d34c8eee2824ecf650eb5.webp\",\"contentUrl\":\"https:\/\/aositerminals.com\/wp-content\/uploads\/2025\/03\/aff0c45cf8d34c8eee2824ecf650eb5.webp\",\"width\":215,\"height\":97,\"caption\":\"Industrial Automation Terminal Blocks\"},\"image\":{\"@id\":\"https:\/\/aositerminals.com\/#\/schema\/logo\/image\/\"}}]}<\/script>\n<meta property=\"og:availability\" content=\"instock\" \/>\n<meta property=\"product:availability\" content=\"instock\" \/>\n<meta property=\"product:condition\" content=\"new\" \/>\n<!-- \/ Yoast SEO Premium plugin. -->","yoast_head_json":{"title":"Equivalent to Phoenix Pluggable Terminal Block | 2.54mm Pitch | FPH0.5-XX-254-28 - AOSI Terminal Blocks &amp; Module Manufacturer | Industrial Connectivity Solutions","robots":{"index":"index","follow":"follow","max-snippet":"max-snippet:-1","max-image-preview":"max-image-preview:large","max-video-preview":"max-video-preview:-1"},"canonical":"https:\/\/aositerminals.com\/pt\/product\/equivalent-to-phoenix-pluggable-terminal-block-fph0-5-xx-254-28\/","og_locale":"pt_PT","og_type":"article","og_title":"Equivalent to Phoenix Pluggable Terminal Block | 2.54mm Pitch | FPH0.5-XX-254-28","og_description":"Equivalent to Phoenix Pluggable Terminal Block 2.54mm Pitch Pitch: 2.54mm Rated current: 5A Rated voltage: 150 V  &nbsp;","og_url":"https:\/\/aositerminals.com\/pt\/product\/equivalent-to-phoenix-pluggable-terminal-block-fph0-5-xx-254-28\/","og_site_name":"AOSI Terminal Blocks &amp; Module Manufacturer | Industrial Connectivity Solutions","article_modified_time":"2025-09-13T07:23:39+00:00","og_image":[{"width":1000,"height":1000,"url":"https:\/\/aositerminals.com\/wp-content\/uploads\/2025\/04\/2EDGEV.jpg","type":"image\/jpeg"}],"twitter_card":"summary_large_image","twitter_misc":{"Disponibilidade":"Em stock"},"schema":{"@context":"https:\/\/schema.org","@graph":[{"@type":"WebPage","@id":"https:\/\/aositerminals.com\/product\/equivalent-to-phoenix-pluggable-terminal-block-fph0-5-xx-254-28\/","url":"https:\/\/aositerminals.com\/product\/equivalent-to-phoenix-pluggable-terminal-block-fph0-5-xx-254-28\/","name":"Equivalent to Phoenix Pluggable Terminal Block | 2.54mm Pitch | FPH0.5-XX-254-28 - AOSI Terminal Blocks &amp; Module Manufacturer | Industrial Connectivity Solutions","isPartOf":{"@id":"https:\/\/aositerminals.com\/#website"},"primaryImageOfPage":{"@id":"https:\/\/aositerminals.com\/product\/equivalent-to-phoenix-pluggable-terminal-block-fph0-5-xx-254-28\/#primaryimage"},"image":{"@id":"https:\/\/aositerminals.com\/product\/equivalent-to-phoenix-pluggable-terminal-block-fph0-5-xx-254-28\/#primaryimage"},"thumbnailUrl":"https:\/\/aositerminals.com\/wp-content\/uploads\/2025\/04\/2EDGEV.jpg","datePublished":"2025-04-17T06:57:00+00:00","dateModified":"2025-09-13T07:23:39+00:00","breadcrumb":{"@id":"https:\/\/aositerminals.com\/product\/equivalent-to-phoenix-pluggable-terminal-block-fph0-5-xx-254-28\/#breadcrumb"},"inLanguage":"pt-PT","potentialAction":[{"@type":"ReadAction","target":["https:\/\/aositerminals.com\/product\/equivalent-to-phoenix-pluggable-terminal-block-fph0-5-xx-254-28\/"]}]},{"@type":"ImageObject","inLanguage":"pt-PT","@id":"https:\/\/aositerminals.com\/product\/equivalent-to-phoenix-pluggable-terminal-block-fph0-5-xx-254-28\/#primaryimage","url":"https:\/\/aositerminals.com\/wp-content\/uploads\/2025\/04\/2EDGEV.jpg","contentUrl":"https:\/\/aositerminals.com\/wp-content\/uploads\/2025\/04\/2EDGEV.jpg","width":1000,"height":1000},{"@type":"BreadcrumbList","@id":"https:\/\/aositerminals.com\/product\/equivalent-to-phoenix-pluggable-terminal-block-fph0-5-xx-254-28\/#breadcrumb","itemListElement":[{"@type":"ListItem","position":1,"name":"\u9996\u9875","item":"https:\/\/aositerminals.com\/"},{"@type":"ListItem","position":2,"name":"Products","item":"https:\/\/aositerminals.com\/products\/"},{"@type":"ListItem","position":3,"name":"Equivalent to Phoenix Pluggable Terminal Block | 2.54mm Pitch | FPH0.5-XX-254-28"}]},{"@type":"WebSite","@id":"https:\/\/aositerminals.com\/#website","url":"https:\/\/aositerminals.com\/","name":"Blocos de terminais de automa\u00e7\u00e3o industrial","description":"Blocos de terminais de encaixe, de mola e de parafuso e m\u00f3dulos de E\/S \/ rel\u00e9 diretamente da f\u00e1brica. R\u00e1pido OEM \/ ODM, envio global.","publisher":{"@id":"https:\/\/aositerminals.com\/#organization"},"potentialAction":[{"@type":"SearchAction","target":{"@type":"EntryPoint","urlTemplate":"https:\/\/aositerminals.com\/?s={search_term_string}"},"query-input":{"@type":"PropertyValueSpecification","valueRequired":true,"valueName":"search_term_string"}}],"inLanguage":"pt-PT"},{"@type":"Organization","@id":"https:\/\/aositerminals.com\/#organization","name":"Blocos de terminais de automa\u00e7\u00e3o industrial","url":"https:\/\/aositerminals.com\/","logo":{"@type":"ImageObject","inLanguage":"pt-PT","@id":"https:\/\/aositerminals.com\/#\/schema\/logo\/image\/","url":"https:\/\/aositerminals.com\/wp-content\/uploads\/2025\/03\/aff0c45cf8d34c8eee2824ecf650eb5.webp","contentUrl":"https:\/\/aositerminals.com\/wp-content\/uploads\/2025\/03\/aff0c45cf8d34c8eee2824ecf650eb5.webp","width":215,"height":97,"caption":"Industrial Automation Terminal Blocks"},"image":{"@id":"https:\/\/aositerminals.com\/#\/schema\/logo\/image\/"}}]},"og_availability":"instock","product_availability":"instock","product_condition":"new"},"_links":{"self":[{"href":"https:\/\/aositerminals.com\/pt\/wp-json\/wp\/v2\/product\/11281","targetHints":{"allow":["GET"]}}],"collection":[{"href":"https:\/\/aositerminals.com\/pt\/wp-json\/wp\/v2\/product"}],"about":[{"href":"https:\/\/aositerminals.com\/pt\/wp-json\/wp\/v2\/types\/product"}],"version-history":[{"count":0,"href":"https:\/\/aositerminals.com\/pt\/wp-json\/wp\/v2\/product\/11281\/revisions"}],"wp:featuredmedia":[{"embeddable":true,"href":"https:\/\/aositerminals.com\/pt\/wp-json\/wp\/v2\/media\/11722"}],"wp:attachment":[{"href":"https:\/\/aositerminals.com\/pt\/wp-json\/wp\/v2\/media?parent=11281"}],"wp:term":[{"taxonomy":"product_brand","embeddable":true,"href":"https:\/\/aositerminals.com\/pt\/wp-json\/wp\/v2\/product_brand?post=11281"},{"taxonomy":"product_cat","embeddable":true,"href":"https:\/\/aositerminals.com\/pt\/wp-json\/wp\/v2\/product_cat?post=11281"},{"taxonomy":"product_tag","embeddable":true,"href":"https:\/\/aositerminals.com\/pt\/wp-json\/wp\/v2\/product_tag?post=11281"}],"curies":[{"name":"wp","href":"https:\/\/api.w.org\/{rel}","templated":true}]}}